{"id":31,"date":"2025-06-23T10:39:36","date_gmt":"2025-06-23T13:39:36","guid":{"rendered":"https:\/\/phdbrasil.com.br\/site\/?page_id=31"},"modified":"2025-09-01T16:28:56","modified_gmt":"2025-09-01T19:28:56","slug":"marklogic","status":"publish","type":"page","link":"https:\/\/phdbrasil.com.br\/site\/marklogic\/","title":{"rendered":"MarkLogic"},"content":{"rendered":"\t\t<div data-elementor-type=\"wp-page\" data-elementor-id=\"31\" class=\"elementor elementor-31\">\n\t\t\t\t<div class=\"elementor-element elementor-element-139bfe51 e-flex e-con-boxed e-con e-parent\" data-id=\"139bfe51\" data-element_type=\"container\" data-settings=\"{&quot;background_background&quot;:&quot;classic&quot;}\">\n\t\t\t\t\t<div class=\"e-con-inner\">\n\t\t<div class=\"elementor-element elementor-element-3adec9c e-con-full e-flex e-con e-child\" data-id=\"3adec9c\" data-element_type=\"container\" data-settings=\"{&quot;background_background&quot;:&quot;classic&quot;}\">\n\t\t\t\t<div class=\"elementor-element elementor-element-30823bbd elementor-widget elementor-widget-heading\" data-id=\"30823bbd\" data-element_type=\"widget\" data-widget_type=\"heading.default\">\n\t\t\t\t<div class=\"elementor-widget-container\">\n\t\t\t\t\t<h1 class=\"elementor-heading-title elementor-size-default\">A evolu\u00e7\u00e3o da integra\u00e7\u00e3o de dados<\/h1>\t\t\t\t<\/div>\n\t\t\t\t<\/div>\n\t\t\t\t<div class=\"elementor-element elementor-element-4d862626 elementor-widget elementor-widget-text-editor\" data-id=\"4d862626\" data-element_type=\"widget\" data-widget_type=\"text-editor.default\">\n\t\t\t\t<div class=\"elementor-widget-container\">\n\t\t\t\t\t\t\t\t\t<p>Mais f\u00e1cil, mais r\u00e1pido, mais seguro. Saiba o que ha\u0301 de novo no MarkLogic.<\/p>\t\t\t\t\t\t\t\t<\/div>\n\t\t\t\t<\/div>\n\t\t\t\t<\/div>\n\t\t\t\t\t<\/div>\n\t\t\t\t<\/div>\n\t\t<div class=\"elementor-element elementor-element-e929df8 e-flex e-con-boxed e-con e-parent\" data-id=\"e929df8\" data-element_type=\"container\">\n\t\t\t\t\t<div class=\"e-con-inner\">\n\t\t\t\t<div class=\"elementor-element elementor-element-c8c4d2d elementor-widget elementor-widget-heading\" data-id=\"c8c4d2d\" data-element_type=\"widget\" data-widget_type=\"heading.default\">\n\t\t\t\t<div class=\"elementor-widget-container\">\n\t\t\t\t\t<h2 class=\"elementor-heading-title elementor-size-default\">Integra\u00e7\u00e3o de dados de um jeito novo<\/h2>\t\t\t\t<\/div>\n\t\t\t\t<\/div>\n\t\t\t\t<div class=\"elementor-element elementor-element-4d03b70 elementor-widget elementor-widget-text-editor\" data-id=\"4d03b70\" data-element_type=\"widget\" data-widget_type=\"text-editor.default\">\n\t\t\t\t<div class=\"elementor-widget-container\">\n\t\t\t\t\t\t\t\t\t<p>O MarkLogic deixa o gerenciamento de dados de v\u00e1rios tipos mais r\u00e1pido e f\u00e1cil. Voc\u00ea pode trazer todos os seus dados de silos \u2013 sejam eles relacionais ou n\u00e3o-relacionais \u2013 para uma \u00fanica camada de dados totalmente integrada. Em seguida, voc\u00ea poder\u00e1 visualizar esses dados como documentos, como um grafo ou dados relacionais usando um <em>engine<\/em>\u00a0de\u00a0<em>query<\/em>\u00a0totalmente novo.<\/p>\t\t\t\t\t\t\t\t<\/div>\n\t\t\t\t<\/div>\n\t\t\t\t\t<\/div>\n\t\t\t\t<\/div>\n\t\t<div class=\"elementor-element elementor-element-f89dcc6 e-flex e-con-boxed e-con e-parent\" data-id=\"f89dcc6\" data-element_type=\"container\">\n\t\t\t\t\t<div class=\"e-con-inner\">\n\t\t<div class=\"elementor-element elementor-element-9027cb7 e-con-full e-flex e-con e-child\" data-id=\"9027cb7\" data-element_type=\"container\">\n\t\t\t\t<div class=\"elementor-element elementor-element-3fe4fc8 elementor-invisible elementor-widget elementor-widget-image\" data-id=\"3fe4fc8\" data-element_type=\"widget\" data-settings=\"{&quot;_animation&quot;:&quot;fadeInUp&quot;}\" data-widget_type=\"image.default\">\n\t\t\t\t<div class=\"elementor-widget-container\">\n\t\t\t\t\t\t\t\t\t\t\t\t\t\t\t<img decoding=\"async\" width=\"100\" height=\"100\" src=\"https:\/\/phdbrasil.com.br\/site\/wp-content\/uploads\/2025\/07\/entity_service_phdbrasil.png\" class=\"attachment-large size-large wp-image-565\" alt=\"\" \/>\t\t\t\t\t\t\t\t\t\t\t\t\t\t\t<\/div>\n\t\t\t\t<\/div>\n\t\t\t\t<div class=\"elementor-element elementor-element-12fc29e elementor-widget elementor-widget-text-editor\" data-id=\"12fc29e\" data-element_type=\"widget\" data-widget_type=\"text-editor.default\">\n\t\t\t\t<div class=\"elementor-widget-container\">\n\t\t\t\t\t\t\t\t\t<p><strong>Entity Services<\/strong><br \/>Desenvolva um modelo e vocabul\u00e1rio para descrever conceitos ou entidades do mundo real, tornando mais f\u00e1cil gerenciar seus dados e desenvolver aplicativos.<\/p>\t\t\t\t\t\t\t\t<\/div>\n\t\t\t\t<\/div>\n\t\t\t\t<\/div>\n\t\t<div class=\"elementor-element elementor-element-4580cdb e-con-full e-flex e-con e-child\" data-id=\"4580cdb\" data-element_type=\"container\">\n\t\t\t\t<div class=\"elementor-element elementor-element-9d9a40a elementor-invisible elementor-widget elementor-widget-image\" data-id=\"9d9a40a\" data-element_type=\"widget\" data-settings=\"{&quot;_animation&quot;:&quot;fadeInUp&quot;}\" data-widget_type=\"image.default\">\n\t\t\t\t<div class=\"elementor-widget-container\">\n\t\t\t\t\t\t\t\t\t\t\t\t\t\t\t<img decoding=\"async\" width=\"100\" height=\"100\" src=\"https:\/\/phdbrasil.com.br\/site\/wp-content\/uploads\/2025\/07\/optic_api.png\" class=\"attachment-large size-large wp-image-567\" alt=\"\" \/>\t\t\t\t\t\t\t\t\t\t\t\t\t\t\t<\/div>\n\t\t\t\t<\/div>\n\t\t\t\t<div class=\"elementor-element elementor-element-d5bed41 elementor-widget elementor-widget-text-editor\" data-id=\"d5bed41\" data-element_type=\"widget\" data-widget_type=\"text-editor.default\">\n\t\t\t\t<div class=\"elementor-widget-container\">\n\t\t\t\t\t\t\t\t\t<p><strong>Optic API<\/strong><\/p><p>Use essa nova interface flex\u00edvel de\u00a0<em>query<\/em>\u00a0para combinar \u2018<em>documents<\/em>\u2018,\u00a0<em>triples<\/em>\u00a0e linhas\u00a0\u2013\u00a0incluindo a capacidade de executar\u00a0<em>joins<\/em>\u00a0e agregados entre documentos.<\/p>\t\t\t\t\t\t\t\t<\/div>\n\t\t\t\t<\/div>\n\t\t\t\t<\/div>\n\t\t<div class=\"elementor-element elementor-element-2293857 e-con-full e-flex e-con e-child\" data-id=\"2293857\" data-element_type=\"container\">\n\t\t\t\t<div class=\"elementor-element elementor-element-1a819bc elementor-invisible elementor-widget elementor-widget-image\" data-id=\"1a819bc\" data-element_type=\"widget\" data-settings=\"{&quot;_animation&quot;:&quot;fadeInUp&quot;}\" data-widget_type=\"image.default\">\n\t\t\t\t<div class=\"elementor-widget-container\">\n\t\t\t\t\t\t\t\t\t\t\t\t\t\t\t<img decoding=\"async\" width=\"100\" height=\"100\" src=\"https:\/\/phdbrasil.com.br\/site\/wp-content\/uploads\/2025\/07\/driven_extraction.png\" class=\"attachment-large size-large wp-image-573\" alt=\"\" \/>\t\t\t\t\t\t\t\t\t\t\t\t\t\t\t<\/div>\n\t\t\t\t<\/div>\n\t\t\t\t<div class=\"elementor-element elementor-element-c9d1b7e elementor-widget elementor-widget-text-editor\" data-id=\"c9d1b7e\" data-element_type=\"widget\" data-widget_type=\"text-editor.default\">\n\t\t\t\t<div class=\"elementor-widget-container\">\n\t\t\t\t\t\t\t\t\t<p><strong>Template Driven Extraction<\/strong><\/p><p>Defina lentes relacionais e sem\u00e2nticas sobre os dados do \u2018<em>document<\/em>\u2018, para que voc\u00ea possa lan\u00e7ar\u00a0<em>queries<\/em>\u00a0contra parte dos dados usando SQL, a nova Optic API ou SPARQL.<\/p>\t\t\t\t\t\t\t\t<\/div>\n\t\t\t\t<\/div>\n\t\t\t\t<\/div>\n\t\t<div class=\"elementor-element elementor-element-318d5fa e-con-full e-flex e-con e-child\" data-id=\"318d5fa\" data-element_type=\"container\">\n\t\t\t\t<div class=\"elementor-element elementor-element-a315057 elementor-invisible elementor-widget elementor-widget-image\" data-id=\"a315057\" data-element_type=\"widget\" data-settings=\"{&quot;_animation&quot;:&quot;fadeInUp&quot;}\" data-widget_type=\"image.default\">\n\t\t\t\t<div class=\"elementor-widget-container\">\n\t\t\t\t\t\t\t\t\t\t\t\t\t\t\t<img loading=\"lazy\" decoding=\"async\" width=\"100\" height=\"100\" src=\"https:\/\/phdbrasil.com.br\/site\/wp-content\/uploads\/2025\/07\/data-movement-sdk.png\" class=\"attachment-large size-large wp-image-572\" alt=\"\" \/>\t\t\t\t\t\t\t\t\t\t\t\t\t\t\t<\/div>\n\t\t\t\t<\/div>\n\t\t\t\t<div class=\"elementor-element elementor-element-6dc791f elementor-widget elementor-widget-text-editor\" data-id=\"6dc791f\" data-element_type=\"widget\" data-widget_type=\"text-editor.default\">\n\t\t\t\t<div class=\"elementor-widget-container\">\n\t\t\t\t\t\t\t\t\t<p><strong>Data Movement SDK<\/strong><\/p><p>Mova grandes quantidades de dados para dentro, fora ou entre os n\u00f3s de um cluster MarkLogic com essa nova biblioteca Java.<\/p>\t\t\t\t\t\t\t\t<\/div>\n\t\t\t\t<\/div>\n\t\t\t\t<\/div>\n\t\t\t\t\t<\/div>\n\t\t\t\t<\/div>\n\t\t<div class=\"elementor-element elementor-element-461d98a e-flex e-con-boxed e-con e-parent\" data-id=\"461d98a\" data-element_type=\"container\">\n\t\t\t\t\t<div class=\"e-con-inner\">\n\t\t\t\t<div class=\"elementor-element elementor-element-fd687ac elementor-widget-divider--view-line elementor-widget elementor-widget-divider\" data-id=\"fd687ac\" data-element_type=\"widget\" data-widget_type=\"divider.default\">\n\t\t\t\t<div class=\"elementor-widget-container\">\n\t\t\t\t\t\t\t<div class=\"elementor-divider\">\n\t\t\t<span class=\"elementor-divider-separator\">\n\t\t\t\t\t\t<\/span>\n\t\t<\/div>\n\t\t\t\t\t\t<\/div>\n\t\t\t\t<\/div>\n\t\t\t\t<div class=\"elementor-element elementor-element-2b00964 elementor-widget elementor-widget-heading\" data-id=\"2b00964\" data-element_type=\"widget\" data-widget_type=\"heading.default\">\n\t\t\t\t<div class=\"elementor-widget-container\">\n\t\t\t\t\t<h2 class=\"elementor-heading-title elementor-size-default\">Seguran\u00e7a de dados l\u00edder no mercado<\/h2>\t\t\t\t<\/div>\n\t\t\t\t<\/div>\n\t\t\t\t<div class=\"elementor-element elementor-element-f038068 elementor-widget elementor-widget-text-editor\" data-id=\"f038068\" data-element_type=\"widget\" data-widget_type=\"text-editor.default\">\n\t\t\t\t<div class=\"elementor-widget-container\">\n\t\t\t\t\t\t\t\t\t<p>O MarkLogic foi projetado com novas capacidades para tornar a seguran\u00e7a dos dados ainda mais forte. O MarkLogic sempre foi o banco de dados NoSQL multimodelo corporativo mais confi\u00e1vel para o seu neg\u00f3cio.<\/p>\t\t\t\t\t\t\t\t<\/div>\n\t\t\t\t<\/div>\n\t\t\t\t\t<\/div>\n\t\t\t\t<\/div>\n\t\t<div class=\"elementor-element elementor-element-201ce84 e-flex e-con-boxed e-con e-parent\" data-id=\"201ce84\" data-element_type=\"container\">\n\t\t\t\t\t<div class=\"e-con-inner\">\n\t\t<div class=\"elementor-element elementor-element-0c3732a e-con-full e-flex e-con e-child\" data-id=\"0c3732a\" data-element_type=\"container\">\n\t\t\t\t<div class=\"elementor-element elementor-element-7484460 elementor-invisible elementor-widget elementor-widget-image\" data-id=\"7484460\" data-element_type=\"widget\" data-settings=\"{&quot;_animation&quot;:&quot;fadeInUp&quot;}\" data-widget_type=\"image.default\">\n\t\t\t\t<div class=\"elementor-widget-container\">\n\t\t\t\t\t\t\t\t\t\t\t\t\t\t\t<img loading=\"lazy\" decoding=\"async\" width=\"100\" height=\"100\" src=\"https:\/\/phdbrasil.com.br\/site\/wp-content\/uploads\/2025\/07\/criptografia-avancada.png\" class=\"attachment-large size-large wp-image-571\" alt=\"\" \/>\t\t\t\t\t\t\t\t\t\t\t\t\t\t\t<\/div>\n\t\t\t\t<\/div>\n\t\t\t\t<div class=\"elementor-element elementor-element-ff48030 elementor-widget elementor-widget-text-editor\" data-id=\"ff48030\" data-element_type=\"widget\" data-widget_type=\"text-editor.default\">\n\t\t\t\t<div class=\"elementor-widget-container\">\n\t\t\t\t\t\t\t\t\t<p><strong>Criptografia Avan\u00e7ada<\/strong><\/p><p>Proteja os dados de amea\u00e7as de seguran\u00e7a cibern\u00e9tica usando criptografia baseada em padr\u00f5es, gerenciamento avan\u00e7ado de chaves e separa\u00e7\u00e3o granular de tarefas.<\/p>\t\t\t\t\t\t\t\t<\/div>\n\t\t\t\t<\/div>\n\t\t\t\t<\/div>\n\t\t<div class=\"elementor-element elementor-element-63ac02e e-con-full e-flex e-con e-child\" data-id=\"63ac02e\" data-element_type=\"container\">\n\t\t\t\t<div class=\"elementor-element elementor-element-54ee04f elementor-invisible elementor-widget elementor-widget-image\" data-id=\"54ee04f\" data-element_type=\"widget\" data-settings=\"{&quot;_animation&quot;:&quot;fadeInUp&quot;}\" data-widget_type=\"image.default\">\n\t\t\t\t<div class=\"elementor-widget-container\">\n\t\t\t\t\t\t\t\t\t\t\t\t\t\t\t<img loading=\"lazy\" decoding=\"async\" width=\"100\" height=\"100\" src=\"https:\/\/phdbrasil.com.br\/site\/wp-content\/uploads\/2025\/07\/seguranca-no-nivel-de-elemento.png\" class=\"attachment-large size-large wp-image-569\" alt=\"\" \/>\t\t\t\t\t\t\t\t\t\t\t\t\t\t\t<\/div>\n\t\t\t\t<\/div>\n\t\t\t\t<div class=\"elementor-element elementor-element-f295918 elementor-widget elementor-widget-text-editor\" data-id=\"f295918\" data-element_type=\"widget\" data-widget_type=\"text-editor.default\">\n\t\t\t\t<div class=\"elementor-widget-container\">\n\t\t\t\t\t\t\t\t\t<p><strong>Seguran\u00e7a no N\u00edvel de Elemento<\/strong><\/p><p>Ocultar partes espec\u00edficas dos documentos JSON e XML com base nas fun\u00e7\u00f5es do usu\u00e1rio, fornecendo um n\u00edvel granular de controle semelhante \u00e0 seguran\u00e7a \u201cn\u00edvel de c\u00e9lula\u201d.<\/p>\t\t\t\t\t\t\t\t<\/div>\n\t\t\t\t<\/div>\n\t\t\t\t<\/div>\n\t\t<div class=\"elementor-element elementor-element-c4edd0d e-con-full e-flex e-con e-child\" data-id=\"c4edd0d\" data-element_type=\"container\">\n\t\t\t\t<div class=\"elementor-element elementor-element-b872a64 elementor-invisible elementor-widget elementor-widget-image\" data-id=\"b872a64\" data-element_type=\"widget\" data-settings=\"{&quot;_animation&quot;:&quot;fadeInUp&quot;}\" data-widget_type=\"image.default\">\n\t\t\t\t<div class=\"elementor-widget-container\">\n\t\t\t\t\t\t\t\t\t\t\t\t\t\t\t<img loading=\"lazy\" decoding=\"async\" width=\"100\" height=\"100\" src=\"https:\/\/phdbrasil.com.br\/site\/wp-content\/uploads\/2025\/07\/redaction-mascaramento.png\" class=\"attachment-large size-large wp-image-574\" alt=\"\" \/>\t\t\t\t\t\t\t\t\t\t\t\t\t\t\t<\/div>\n\t\t\t\t<\/div>\n\t\t\t\t<div class=\"elementor-element elementor-element-8360cdf elementor-widget elementor-widget-text-editor\" data-id=\"8360cdf\" data-element_type=\"widget\" data-widget_type=\"text-editor.default\">\n\t\t\t\t<div class=\"elementor-widget-container\">\n\t\t\t\t\t\t\t\t\t<p><strong>Redaction\/Mascaramento<\/strong><\/p><p>Remova ou substitua dados espec\u00edficos, como CPF, para evitar vazamento de dados confidenciais ao exportar dados para compartilhamento.<\/p>\t\t\t\t\t\t\t\t<\/div>\n\t\t\t\t<\/div>\n\t\t\t\t<\/div>\n\t\t\t\t\t<\/div>\n\t\t\t\t<\/div>\n\t\t<div class=\"elementor-element elementor-element-c4a2c80 e-flex e-con-boxed e-con e-parent\" data-id=\"c4a2c80\" data-element_type=\"container\">\n\t\t\t\t\t<div class=\"e-con-inner\">\n\t\t\t\t<div class=\"elementor-element elementor-element-9630bb5 elementor-widget-divider--view-line elementor-widget elementor-widget-divider\" data-id=\"9630bb5\" data-element_type=\"widget\" data-widget_type=\"divider.default\">\n\t\t\t\t<div class=\"elementor-widget-container\">\n\t\t\t\t\t\t\t<div class=\"elementor-divider\">\n\t\t\t<span class=\"elementor-divider-separator\">\n\t\t\t\t\t\t<\/span>\n\t\t<\/div>\n\t\t\t\t\t\t<\/div>\n\t\t\t\t<\/div>\n\t\t\t\t<div class=\"elementor-element elementor-element-fed213a elementor-widget elementor-widget-heading\" data-id=\"fed213a\" data-element_type=\"widget\" data-widget_type=\"heading.default\">\n\t\t\t\t<div class=\"elementor-widget-container\">\n\t\t\t\t\t<h2 class=\"elementor-heading-title elementor-size-default\">Gerenciabilidade aprimorada<\/h2>\t\t\t\t<\/div>\n\t\t\t\t<\/div>\n\t\t\t\t<div class=\"elementor-element elementor-element-b97ef5c elementor-widget elementor-widget-text-editor\" data-id=\"b97ef5c\" data-element_type=\"widget\" data-widget_type=\"text-editor.default\">\n\t\t\t\t<div class=\"elementor-widget-container\">\n\t\t\t\t\t\t\t\t\t<p>O MarkLogic introduz novos recursos que comp\u00f5em uma plataforma mais unificada para gerenciar clusters de bancos de dados MarkLogic, distribu\u00eddos globalmente, ao longo de seus ciclos de vida. Com uma imagem clara do sistema e ferramentas de administra\u00e7\u00e3o aprimoradas, os DBAs podem aumentar a automa\u00e7\u00e3o e a agilidade do neg\u00f3cio.<\/p>\t\t\t\t\t\t\t\t<\/div>\n\t\t\t\t<\/div>\n\t\t\t\t\t<\/div>\n\t\t\t\t<\/div>\n\t\t<div class=\"elementor-element elementor-element-8b41c0f e-flex e-con-boxed e-con e-parent\" data-id=\"8b41c0f\" data-element_type=\"container\">\n\t\t\t\t\t<div class=\"e-con-inner\">\n\t\t<div class=\"elementor-element elementor-element-3793913 e-con-full e-flex e-con e-child\" data-id=\"3793913\" data-element_type=\"container\">\n\t\t\t\t<div class=\"elementor-element elementor-element-f34987c elementor-invisible elementor-widget elementor-widget-image\" data-id=\"f34987c\" data-element_type=\"widget\" data-settings=\"{&quot;_animation&quot;:&quot;fadeInUp&quot;}\" data-widget_type=\"image.default\">\n\t\t\t\t<div class=\"elementor-widget-container\">\n\t\t\t\t\t\t\t\t\t\t\t\t\t\t\t<img loading=\"lazy\" decoding=\"async\" width=\"100\" height=\"100\" src=\"https:\/\/phdbrasil.com.br\/site\/wp-content\/uploads\/2025\/07\/ops-director.png\" class=\"attachment-large size-large wp-image-566\" alt=\"\" \/>\t\t\t\t\t\t\t\t\t\t\t\t\t\t\t<\/div>\n\t\t\t\t<\/div>\n\t\t\t\t<div class=\"elementor-element elementor-element-7faef57 elementor-widget elementor-widget-text-editor\" data-id=\"7faef57\" data-element_type=\"widget\" data-widget_type=\"text-editor.default\">\n\t\t\t\t<div class=\"elementor-widget-container\">\n\t\t\t\t\t\t\t\t\t<p><strong>Ops Director*<\/strong><\/p><p>Veja toda a infraestrutura do MarkLogic \u2013 seja em v\u00e1rios clusters, sistemas em nuvem e\u00a0<em>on premises<\/em>, ou em ambientes de produ\u00e7\u00e3o, teste e desenvolvimento.<\/p>\t\t\t\t\t\t\t\t<\/div>\n\t\t\t\t<\/div>\n\t\t\t\t<\/div>\n\t\t<div class=\"elementor-element elementor-element-d06b6c6 e-con-full e-flex e-con e-child\" data-id=\"d06b6c6\" data-element_type=\"container\">\n\t\t\t\t<div class=\"elementor-element elementor-element-db19505 elementor-invisible elementor-widget elementor-widget-image\" data-id=\"db19505\" data-element_type=\"widget\" data-settings=\"{&quot;_animation&quot;:&quot;fadeInUp&quot;}\" data-widget_type=\"image.default\">\n\t\t\t\t<div class=\"elementor-widget-container\">\n\t\t\t\t\t\t\t\t\t\t\t\t\t\t\t<img loading=\"lazy\" decoding=\"async\" width=\"100\" height=\"100\" src=\"https:\/\/phdbrasil.com.br\/site\/wp-content\/uploads\/2025\/07\/rolling-upgrades.png\" class=\"attachment-large size-large wp-image-568\" alt=\"\" \/>\t\t\t\t\t\t\t\t\t\t\t\t\t\t\t<\/div>\n\t\t\t\t<\/div>\n\t\t\t\t<div class=\"elementor-element elementor-element-529dbab elementor-widget elementor-widget-text-editor\" data-id=\"529dbab\" data-element_type=\"widget\" data-widget_type=\"text-editor.default\">\n\t\t\t\t<div class=\"elementor-widget-container\">\n\t\t\t\t\t\t\t\t\t<p><strong>Rolling Upgrades<\/strong><\/p><p>Minimize o tempo de inatividade e interrup\u00e7\u00e3o, fornecendo suporte para aplicativos de produ\u00e7\u00e3o durante a execu\u00e7\u00e3o de manuten\u00e7\u00e3o no MarkLogic.<\/p>\t\t\t\t\t\t\t\t<\/div>\n\t\t\t\t<\/div>\n\t\t\t\t<\/div>\n\t\t<div class=\"elementor-element elementor-element-517f2d8 e-con-full e-flex e-con e-child\" data-id=\"517f2d8\" data-element_type=\"container\">\n\t\t\t\t<div class=\"elementor-element elementor-element-06620d5 elementor-invisible elementor-widget elementor-widget-image\" data-id=\"06620d5\" data-element_type=\"widget\" data-settings=\"{&quot;_animation&quot;:&quot;fadeInUp&quot;}\" data-widget_type=\"image.default\">\n\t\t\t\t<div class=\"elementor-widget-container\">\n\t\t\t\t\t\t\t\t\t\t\t\t\t\t\t<img loading=\"lazy\" decoding=\"async\" width=\"100\" height=\"100\" src=\"https:\/\/phdbrasil.com.br\/site\/wp-content\/uploads\/2025\/07\/telemetria.png\" class=\"attachment-large size-large wp-image-570\" alt=\"\" \/>\t\t\t\t\t\t\t\t\t\t\t\t\t\t\t<\/div>\n\t\t\t\t<\/div>\n\t\t\t\t<div class=\"elementor-element elementor-element-c465df2 elementor-widget elementor-widget-text-editor\" data-id=\"c465df2\" data-element_type=\"widget\" data-widget_type=\"text-editor.default\">\n\t\t\t\t<div class=\"elementor-widget-container\">\n\t\t\t\t\t\t\t\t\t<p><strong>Telemetria<\/strong><\/p><p>A telemetria \u00e9 um recurso de ativa\u00e7\u00e3o opcional. Ela permite um suporte mais proativo, enviando informa\u00e7\u00f5es de diagn\u00f3stico para que o suporte responda \u00e0s solicita\u00e7\u00f5es mais rapidamente.<\/p>\t\t\t\t\t\t\t\t<\/div>\n\t\t\t\t<\/div>\n\t\t\t\t<\/div>\n\t\t\t\t\t<\/div>\n\t\t\t\t<\/div>\n\t\t<div class=\"elementor-element elementor-element-206ff8d e-flex e-con-boxed e-con e-parent\" data-id=\"206ff8d\" data-element_type=\"container\" data-settings=\"{&quot;background_background&quot;:&quot;classic&quot;}\">\n\t\t\t\t\t<div class=\"e-con-inner\">\n\t\t<div class=\"elementor-element elementor-element-50b3020 e-con-full e-flex e-con e-child\" data-id=\"50b3020\" data-element_type=\"container\" data-settings=\"{&quot;background_background&quot;:&quot;classic&quot;}\">\n\t\t\t\t<div class=\"elementor-element elementor-element-765839b2 elementor-widget elementor-widget-heading\" data-id=\"765839b2\" data-element_type=\"widget\" data-widget_type=\"heading.default\">\n\t\t\t\t<div class=\"elementor-widget-container\">\n\t\t\t\t\t<h2 class=\"elementor-heading-title elementor-size-default\">Quer saber mais sobre as novidades do MarkLogic ?<\/h2>\t\t\t\t<\/div>\n\t\t\t\t<\/div>\n\t\t\t\t<div class=\"elementor-element elementor-element-222b47cd elementor-widget elementor-widget-button\" data-id=\"222b47cd\" data-element_type=\"widget\" data-widget_type=\"button.default\">\n\t\t\t\t<div class=\"elementor-widget-container\">\n\t\t\t\t\t\t\t\t\t<div class=\"elementor-button-wrapper\">\n\t\t\t\t\t<a class=\"elementor-button elementor-button-link elementor-size-sm\" href=\"https:\/\/phdbrasil.com.br\/site\/wp-content\/uploads\/2017\/08\/MarkLogic-9-Visa%CC%83o-Geral-esquema%CC%81tica.pdf\" target=\"_blank\">\n\t\t\t\t\t\t<span class=\"elementor-button-content-wrapper\">\n\t\t\t\t\t\t\t\t\t<span class=\"elementor-button-text\">Acessar material completo<\/span>\n\t\t\t\t\t<\/span>\n\t\t\t\t\t<\/a>\n\t\t\t\t<\/div>\n\t\t\t\t\t\t\t\t<\/div>\n\t\t\t\t<\/div>\n\t\t\t\t<\/div>\n\t\t\t\t\t<\/div>\n\t\t\t\t<\/div>\n\t\t\t\t<\/div>\n\t\t","protected":false},"excerpt":{"rendered":"<p>A evolu\u00e7\u00e3o da integra\u00e7\u00e3o de dados Mais f\u00e1cil, mais r\u00e1pido, mais seguro. Saiba o que ha\u0301 de novo no MarkLogic. Integra\u00e7\u00e3o de dados de um jeito novo O MarkLogic deixa o gerenciamento de dados de v\u00e1rios tipos mais r\u00e1pido e f\u00e1cil. Voc\u00ea pode trazer todos os seus dados de silos \u2013 sejam eles relacionais ou [&hellip;]<\/p>\n","protected":false},"author":1,"featured_media":0,"parent":0,"menu_order":0,"comment_status":"closed","ping_status":"closed","template":"","meta":{"footnotes":""},"class_list":["post-31","page","type-page","status-publish","hentry"],"_links":{"self":[{"href":"https:\/\/phdbrasil.com.br\/site\/wp-json\/wp\/v2\/pages\/31","targetHints":{"allow":["GET"]}}],"collection":[{"href":"https:\/\/phdbrasil.com.br\/site\/wp-json\/wp\/v2\/pages"}],"about":[{"href":"https:\/\/phdbrasil.com.br\/site\/wp-json\/wp\/v2\/types\/page"}],"author":[{"embeddable":true,"href":"https:\/\/phdbrasil.com.br\/site\/wp-json\/wp\/v2\/users\/1"}],"replies":[{"embeddable":true,"href":"https:\/\/phdbrasil.com.br\/site\/wp-json\/wp\/v2\/comments?post=31"}],"version-history":[{"count":28,"href":"https:\/\/phdbrasil.com.br\/site\/wp-json\/wp\/v2\/pages\/31\/revisions"}],"predecessor-version":[{"id":766,"href":"https:\/\/phdbrasil.com.br\/site\/wp-json\/wp\/v2\/pages\/31\/revisions\/766"}],"wp:attachment":[{"href":"https:\/\/phdbrasil.com.br\/site\/wp-json\/wp\/v2\/media?parent=31"}],"curies":[{"name":"wp","href":"https:\/\/api.w.org\/{rel}","templated":true}]}}