{"id":29,"date":"2025-06-23T10:39:13","date_gmt":"2025-06-23T13:39:13","guid":{"rendered":"https:\/\/phdbrasil.com.br\/site\/?page_id=29"},"modified":"2025-09-16T17:25:52","modified_gmt":"2025-09-16T20:25:52","slug":"smartlogic-semaphore","status":"publish","type":"page","link":"https:\/\/phdbrasil.com.br\/site\/smartlogic-semaphore\/","title":{"rendered":"Smartlogic Semaphore"},"content":{"rendered":"\t\t<div data-elementor-type=\"wp-page\" data-elementor-id=\"29\" class=\"elementor elementor-29\">\n\t\t\t\t<div class=\"elementor-element elementor-element-602f4cad e-flex e-con-boxed e-con e-parent\" data-id=\"602f4cad\" data-element_type=\"container\" data-settings=\"{&quot;background_background&quot;:&quot;classic&quot;}\">\n\t\t\t\t\t<div class=\"e-con-inner\">\n\t\t<div class=\"elementor-element elementor-element-35e9231e e-con-full e-flex e-con e-child\" data-id=\"35e9231e\" data-element_type=\"container\" data-settings=\"{&quot;background_background&quot;:&quot;classic&quot;}\">\n\t\t\t\t<div class=\"elementor-element elementor-element-37fc9cae elementor-widget elementor-widget-heading\" data-id=\"37fc9cae\" data-element_type=\"widget\" data-widget_type=\"heading.default\">\n\t\t\t\t<div class=\"elementor-widget-container\">\n\t\t\t\t\t<h1 class=\"elementor-heading-title elementor-size-default\">Smartlogic Semaphore<\/h1>\t\t\t\t<\/div>\n\t\t\t\t<\/div>\n\t\t\t\t<div class=\"elementor-element elementor-element-5b614f55 elementor-widget elementor-widget-text-editor\" data-id=\"5b614f55\" data-element_type=\"widget\" data-widget_type=\"text-editor.default\">\n\t\t\t\t<div class=\"elementor-widget-container\">\n\t\t\t\t\t\t\t\t\t<p>Nossa Solu\u00e7\u00e3o de Intelig\u00eancia de Conte\u00fado em detalhes.<\/p>\t\t\t\t\t\t\t\t<\/div>\n\t\t\t\t<\/div>\n\t\t\t\t<\/div>\n\t\t\t\t\t<\/div>\n\t\t\t\t<\/div>\n\t\t<div class=\"elementor-element elementor-element-4a25723 e-flex e-con-boxed e-con e-parent\" data-id=\"4a25723\" data-element_type=\"container\">\n\t\t\t\t\t<div class=\"e-con-inner\">\n\t\t\t\t<div class=\"elementor-element elementor-element-a9f3d36 elementor-widget elementor-widget-text-editor\" data-id=\"a9f3d36\" data-element_type=\"widget\" data-widget_type=\"text-editor.default\">\n\t\t\t\t<div class=\"elementor-widget-container\">\n\t\t\t\t\t\t\t\t\t<p>O\u00a0<em><strong>Smartlogic Semaphore<\/strong><\/em>\u00a0\u00e9 a solu\u00e7\u00e3o l\u00edder de software de Intelig\u00eancia de Conte\u00fado, que contextualiza a informa\u00e7\u00e3o tradicional em sistemas de gerenciamento de informa\u00e7\u00f5es, tais como:\u00a0<em>search engines<\/em>, gerenciamento de conte\u00fado (<em>content management<\/em>) e mecanismos de\u00a0<em>workflow<\/em>\u00a0por meio da captura de t\u00f3picos, recursos e pessoas em um modelo (lista de termos, taxonomia ou ontologia) para, em seguida, utiliz\u00e1-los na classifica\u00e7\u00e3o do conte\u00fado, al\u00e9m de enriquec\u00ea-lo com metadados. Isso proporciona uma melhor experi\u00eancia ao usu\u00e1rio de sistemas de gerenciamento de informa\u00e7\u00f5es empresariais.\u00a0<\/p><p>Em colabora\u00e7\u00e3o com os aplicativos empresariais existentes, o\u00a0<strong><em>Smartlogic Semaphore<\/em>\u00a0<\/strong>promove uma enorme mudan\u00e7a na busca e navega\u00e7\u00e3o de conte\u00fado para intranets e websites, e possibilita encontrar e disponibilizar conte\u00fado, governan\u00e7a, preven\u00e7\u00e3o de perda de dados, conformidade e gerenciamento de registros.<\/p>\t\t\t\t\t\t\t\t<\/div>\n\t\t\t\t<\/div>\n\t\t\t\t\t<\/div>\n\t\t\t\t<\/div>\n\t\t<div class=\"elementor-element elementor-element-b75e6a9 e-flex e-con-boxed e-con e-parent\" data-id=\"b75e6a9\" data-element_type=\"container\">\n\t\t\t\t\t<div class=\"e-con-inner\">\n\t\t\t\t<div class=\"elementor-element elementor-element-7401f5e elementor-widget elementor-widget-heading\" data-id=\"7401f5e\" data-element_type=\"widget\" data-widget_type=\"heading.default\">\n\t\t\t\t<div class=\"elementor-widget-container\">\n\t\t\t\t\t<h2 class=\"elementor-heading-title elementor-size-default\">O Smartlogic Semaphore consiste em quatro m\u00f3dulos principais:<\/h2>\t\t\t\t<\/div>\n\t\t\t\t<\/div>\n\t\t\t\t\t<\/div>\n\t\t\t\t<\/div>\n\t\t<div class=\"elementor-element elementor-element-dcb285b e-flex e-con-boxed e-con e-parent\" data-id=\"dcb285b\" data-element_type=\"container\">\n\t\t\t\t\t<div class=\"e-con-inner\">\n\t\t<div class=\"elementor-element elementor-element-0821790 e-con-full e-flex e-con e-child\" data-id=\"0821790\" data-element_type=\"container\">\n\t\t\t\t<div class=\"elementor-element elementor-element-c2ae9bf elementor-widget elementor-widget-text-editor\" data-id=\"c2ae9bf\" data-element_type=\"widget\" data-widget_type=\"text-editor.default\">\n\t\t\t\t<div class=\"elementor-widget-container\">\n\t\t\t\t\t\t\t\t\t<p><strong><em>Ontology Server &amp; Editor<\/em>\u00a0<\/strong>\u2013\u00a0permite que v\u00e1rios usu\u00e1rios colaborarem no desenvolvimento e gest\u00e3o de ontologias.<\/p><p><strong><em>Semantic Enhancement Server<\/em>\u00a0<\/strong>\u2013\u00a0um poderoso, escal\u00e1vel e resiliente servi\u00e7o web para entregar a ontologia a qualquer aplicativo.<\/p><p><strong><em>Classification Server<\/em>\u00a0<\/strong>\u2013\u00a0um mecanismo de classifica\u00e7\u00e3o sem\u00e2ntica baseada em regras, fornecendo marca\u00e7\u00e3o (<em>tag<\/em>) precisa e consistente de metadados e de conte\u00fado em 26 l\u00ednguas (inclusive o portugu\u00eas).<\/p>\t\t\t\t\t\t\t\t<\/div>\n\t\t\t\t<\/div>\n\t\t\t\t<\/div>\n\t\t<div class=\"elementor-element elementor-element-0c779f0 e-con-full e-flex e-con e-child\" data-id=\"0c779f0\" data-element_type=\"container\">\n\t\t\t\t<div class=\"elementor-element elementor-element-5400eca elementor-widget elementor-widget-text-editor\" data-id=\"5400eca\" data-element_type=\"widget\" data-widget_type=\"text-editor.default\">\n\t\t\t\t<div class=\"elementor-widget-container\">\n\t\t\t\t\t\t\t\t\t<p class=\"\"><strong><em>Search Application Framework<\/em>\u00a0<\/strong>\u2013<strong>\u00a0<\/strong>\u00e9 uma pr\u00e1tica recomendada, interface tipo \u2018<em>out-of-the-box<\/em>\u2019, de busca sem\u00e2ntica que enriquece a experi\u00eancia do usu\u00e1rio durante a\u00a0<em>search<\/em>, que pode ser implantada sobre diversos motores de busca, como, por exemplo, MarkLogic, Microsoft FAST, Lucene\/Solr, Google Search Appliance etc.\u00a0<\/p><p class=\"\">Ele tamb\u00e9m prov\u00ea APIs publicadas e bibliotecas de\u00a0<em>tags<\/em>\u00a0para desenvolvimento adicional r\u00e1pido de interface de usu\u00e1rios.<\/p>\t\t\t\t\t\t\t\t<\/div>\n\t\t\t\t<\/div>\n\t\t\t\t<\/div>\n\t\t<div class=\"elementor-element elementor-element-3a1d488 e-con-full e-flex e-con e-child\" data-id=\"3a1d488\" data-element_type=\"container\">\n\t\t\t\t<div class=\"elementor-element elementor-element-30f92bd elementor-invisible elementor-widget elementor-widget-image\" data-id=\"30f92bd\" data-element_type=\"widget\" data-settings=\"{&quot;_animation&quot;:&quot;fadeInUp&quot;}\" data-widget_type=\"image.default\">\n\t\t\t\t<div class=\"elementor-widget-container\">\n\t\t\t\t\t\t\t\t\t\t\t\t\t\t\t<img fetchpriority=\"high\" decoding=\"async\" width=\"500\" height=\"350\" src=\"https:\/\/phdbrasil.com.br\/site\/wp-content\/uploads\/2025\/07\/Smartlogic-01.jpg\" class=\"attachment-full size-full wp-image-535\" alt=\"\" \/>\t\t\t\t\t\t\t\t\t\t\t\t\t\t\t<\/div>\n\t\t\t\t<\/div>\n\t\t\t\t<\/div>\n\t\t\t\t\t<\/div>\n\t\t\t\t<\/div>\n\t\t<div class=\"elementor-element elementor-element-312f008 e-flex e-con-boxed e-con e-parent\" data-id=\"312f008\" data-element_type=\"container\">\n\t\t\t\t\t<div class=\"e-con-inner\">\n\t\t<div class=\"elementor-element elementor-element-de4a1ae e-con-full e-flex e-con e-child\" data-id=\"de4a1ae\" data-element_type=\"container\">\n\t\t\t\t<div class=\"elementor-element elementor-element-f74ec71 elementor-invisible elementor-widget elementor-widget-image\" data-id=\"f74ec71\" data-element_type=\"widget\" data-settings=\"{&quot;_animation&quot;:&quot;fadeInUp&quot;}\" data-widget_type=\"image.default\">\n\t\t\t\t<div class=\"elementor-widget-container\">\n\t\t\t\t\t\t\t\t\t\t\t\t\t\t\t<img decoding=\"async\" width=\"500\" height=\"400\" src=\"https:\/\/phdbrasil.com.br\/site\/wp-content\/uploads\/2025\/07\/Smartlogic-02.jpg\" class=\"attachment-full size-full wp-image-536\" alt=\"\" \/>\t\t\t\t\t\t\t\t\t\t\t\t\t\t\t<\/div>\n\t\t\t\t<\/div>\n\t\t\t\t<\/div>\n\t\t<div class=\"elementor-element elementor-element-3e7527d e-con-full e-flex e-con e-child\" data-id=\"3e7527d\" data-element_type=\"container\">\n\t\t\t\t<div class=\"elementor-element elementor-element-7a45797 elementor-widget elementor-widget-text-editor\" data-id=\"7a45797\" data-element_type=\"widget\" data-widget_type=\"text-editor.default\">\n\t\t\t\t<div class=\"elementor-widget-container\">\n\t\t\t\t\t\t\t\t\t<p>\u201cO Smartlogic Semaphore<\/p><p>oferece todos os recursos<\/p><p>necess\u00e1rios para a<\/p><p>Intelig\u00eancia de Conte\u00fado.\u201c<\/p>\t\t\t\t\t\t\t\t<\/div>\n\t\t\t\t<\/div>\n\t\t\t\t<\/div>\n\t\t\t\t\t<\/div>\n\t\t\t\t<\/div>\n\t\t<div class=\"elementor-element elementor-element-67c4ffd e-flex e-con-boxed e-con e-parent\" data-id=\"67c4ffd\" data-element_type=\"container\">\n\t\t\t\t\t<div class=\"e-con-inner\">\n\t\t\t\t<div class=\"elementor-element elementor-element-8f69ae3 elementor-widget elementor-widget-heading\" data-id=\"8f69ae3\" data-element_type=\"widget\" data-widget_type=\"heading.default\">\n\t\t\t\t<div class=\"elementor-widget-container\">\n\t\t\t\t\t<h2 class=\"elementor-heading-title elementor-size-default\">Arquitetura Conceitual do Smartlogic Semaphore<\/h2>\t\t\t\t<\/div>\n\t\t\t\t<\/div>\n\t\t\t\t\t<\/div>\n\t\t\t\t<\/div>\n\t\t<div class=\"elementor-element elementor-element-3e0e897 e-flex e-con-boxed e-con e-parent\" data-id=\"3e0e897\" data-element_type=\"container\">\n\t\t\t\t\t<div class=\"e-con-inner\">\n\t\t\t\t<div class=\"elementor-element elementor-element-6673915 elementor-invisible elementor-widget elementor-widget-image\" data-id=\"6673915\" data-element_type=\"widget\" data-settings=\"{&quot;_animation&quot;:&quot;fadeInUp&quot;}\" data-widget_type=\"image.default\">\n\t\t\t\t<div class=\"elementor-widget-container\">\n\t\t\t\t\t\t\t\t\t\t\t\t\t\t\t<img decoding=\"async\" width=\"800\" height=\"418\" src=\"https:\/\/phdbrasil.com.br\/site\/wp-content\/uploads\/2025\/07\/semaphore-phd.jpg\" class=\"attachment-large size-large wp-image-537\" alt=\"\" \/>\t\t\t\t\t\t\t\t\t\t\t\t\t\t\t<\/div>\n\t\t\t\t<\/div>\n\t\t\t\t\t<\/div>\n\t\t\t\t<\/div>\n\t\t<div class=\"elementor-element elementor-element-59cc9da e-flex e-con-boxed e-con e-parent\" data-id=\"59cc9da\" data-element_type=\"container\" data-settings=\"{&quot;background_background&quot;:&quot;classic&quot;}\">\n\t\t\t\t\t<div class=\"e-con-inner\">\n\t\t<div class=\"elementor-element elementor-element-793e1df5 e-con-full e-flex e-con e-child\" data-id=\"793e1df5\" data-element_type=\"container\" data-settings=\"{&quot;background_background&quot;:&quot;classic&quot;}\">\n\t\t\t\t<div class=\"elementor-element elementor-element-100d0549 elementor-widget elementor-widget-heading\" data-id=\"100d0549\" data-element_type=\"widget\" data-widget_type=\"heading.default\">\n\t\t\t\t<div class=\"elementor-widget-container\">\n\t\t\t\t\t<h2 class=\"elementor-heading-title elementor-size-default\">Quer saber mais sobre Smartlogic?<\/h2>\t\t\t\t<\/div>\n\t\t\t\t<\/div>\n\t\t\t\t<div class=\"elementor-element elementor-element-697d5760 elementor-widget elementor-widget-text-editor\" data-id=\"697d5760\" data-element_type=\"widget\" data-widget_type=\"text-editor.default\">\n\t\t\t\t<div class=\"elementor-widget-container\">\n\t\t\t\t\t\t\t\t\t<p>Nosso conhecimento t\u00e9cnico e parcerias com os principais desenvolvedores de software para dados\u00a0do mundo nos permite oferecer solu\u00e7\u00f5es que reduzem os riscos da sua empresa.<\/p>\t\t\t\t\t\t\t\t<\/div>\n\t\t\t\t<\/div>\n\t\t\t\t<div class=\"elementor-element elementor-element-791a7cf elementor-widget elementor-widget-button\" data-id=\"791a7cf\" data-element_type=\"widget\" data-widget_type=\"button.default\">\n\t\t\t\t<div class=\"elementor-widget-container\">\n\t\t\t\t\t\t\t\t\t<div class=\"elementor-button-wrapper\">\n\t\t\t\t\t<a class=\"elementor-button elementor-button-link elementor-size-sm\" href=\"https:\/\/phdbrasil.com.br\/site\/contato\/\">\n\t\t\t\t\t\t<span class=\"elementor-button-content-wrapper\">\n\t\t\t\t\t\t\t\t\t<span class=\"elementor-button-text\">Entre em contato<\/span>\n\t\t\t\t\t<\/span>\n\t\t\t\t\t<\/a>\n\t\t\t\t<\/div>\n\t\t\t\t\t\t\t\t<\/div>\n\t\t\t\t<\/div>\n\t\t\t\t<\/div>\n\t\t\t\t\t<\/div>\n\t\t\t\t<\/div>\n\t\t\t\t<\/div>\n\t\t","protected":false},"excerpt":{"rendered":"<p>Smartlogic Semaphore Nossa Solu\u00e7\u00e3o de Intelig\u00eancia de Conte\u00fado em detalhes. O\u00a0Smartlogic Semaphore\u00a0\u00e9 a solu\u00e7\u00e3o l\u00edder de software de Intelig\u00eancia de Conte\u00fado, que contextualiza a informa\u00e7\u00e3o tradicional em sistemas de gerenciamento de informa\u00e7\u00f5es, tais como:\u00a0search engines, gerenciamento de conte\u00fado (content management) e mecanismos de\u00a0workflow\u00a0por meio da captura de t\u00f3picos, recursos e pessoas em um modelo (lista [&hellip;]<\/p>\n","protected":false},"author":1,"featured_media":0,"parent":0,"menu_order":0,"comment_status":"closed","ping_status":"closed","template":"","meta":{"footnotes":""},"class_list":["post-29","page","type-page","status-publish","hentry"],"_links":{"self":[{"href":"https:\/\/phdbrasil.com.br\/site\/wp-json\/wp\/v2\/pages\/29","targetHints":{"allow":["GET"]}}],"collection":[{"href":"https:\/\/phdbrasil.com.br\/site\/wp-json\/wp\/v2\/pages"}],"about":[{"href":"https:\/\/phdbrasil.com.br\/site\/wp-json\/wp\/v2\/types\/page"}],"author":[{"embeddable":true,"href":"https:\/\/phdbrasil.com.br\/site\/wp-json\/wp\/v2\/users\/1"}],"replies":[{"embeddable":true,"href":"https:\/\/phdbrasil.com.br\/site\/wp-json\/wp\/v2\/comments?post=29"}],"version-history":[{"count":34,"href":"https:\/\/phdbrasil.com.br\/site\/wp-json\/wp\/v2\/pages\/29\/revisions"}],"predecessor-version":[{"id":982,"href":"https:\/\/phdbrasil.com.br\/site\/wp-json\/wp\/v2\/pages\/29\/revisions\/982"}],"wp:attachment":[{"href":"https:\/\/phdbrasil.com.br\/site\/wp-json\/wp\/v2\/media?parent=29"}],"curies":[{"name":"wp","href":"https:\/\/api.w.org\/{rel}","templated":true}]}}