{"id":27,"date":"2025-06-23T10:38:47","date_gmt":"2025-06-23T13:38:47","guid":{"rendered":"https:\/\/phdbrasil.com.br\/site\/?page_id=27"},"modified":"2025-09-03T09:56:39","modified_gmt":"2025-09-03T12:56:39","slug":"mainframe-log-analytics","status":"publish","type":"page","link":"https:\/\/phdbrasil.com.br\/site\/mainframe-log-analytics\/","title":{"rendered":"Mainframe Log Analytics"},"content":{"rendered":"\t\t<div data-elementor-type=\"wp-page\" data-elementor-id=\"27\" class=\"elementor elementor-27\">\n\t\t\t\t<div class=\"elementor-element elementor-element-5385d914 e-flex e-con-boxed e-con e-parent\" data-id=\"5385d914\" data-element_type=\"container\" data-settings=\"{&quot;background_background&quot;:&quot;classic&quot;}\">\n\t\t\t\t\t<div class=\"e-con-inner\">\n\t\t<div class=\"elementor-element elementor-element-16d525af e-con-full e-flex e-con e-child\" data-id=\"16d525af\" data-element_type=\"container\" data-settings=\"{&quot;background_background&quot;:&quot;classic&quot;}\">\n\t\t\t\t<div class=\"elementor-element elementor-element-4da5909e elementor-widget elementor-widget-heading\" data-id=\"4da5909e\" data-element_type=\"widget\" data-widget_type=\"heading.default\">\n\t\t\t\t<div class=\"elementor-widget-container\">\n\t\t\t\t\t<h1 class=\"elementor-heading-title elementor-size-default\"><span style=\", Arial, sans-serif\">Mainframe Log Analytics<\/span><\/h1>\t\t\t\t<\/div>\n\t\t\t\t<\/div>\n\t\t\t\t<div class=\"elementor-element elementor-element-6718b8ee elementor-widget elementor-widget-text-editor\" data-id=\"6718b8ee\" data-element_type=\"widget\" data-widget_type=\"text-editor.default\">\n\t\t\t\t<div class=\"elementor-widget-container\">\n\t\t\t\t\t\t\t\t\t<p>Log Analytcs com Fontes Mainframe? O Ironstream \u00e9 para voc\u00ea!<\/p>\t\t\t\t\t\t\t\t<\/div>\n\t\t\t\t<\/div>\n\t\t\t\t<\/div>\n\t\t\t\t\t<\/div>\n\t\t\t\t<\/div>\n\t\t<div class=\"elementor-element elementor-element-cfff153 e-flex e-con-boxed e-con e-parent\" data-id=\"cfff153\" data-element_type=\"container\">\n\t\t\t\t\t<div class=\"e-con-inner\">\n\t\t<div class=\"elementor-element elementor-element-ac9b451 e-con-full e-flex e-con e-child\" data-id=\"ac9b451\" data-element_type=\"container\">\n\t\t\t\t<div class=\"elementor-element elementor-element-17c2d58 elementor-widget elementor-widget-text-editor\" data-id=\"17c2d58\" data-element_type=\"widget\" data-widget_type=\"text-editor.default\">\n\t\t\t\t<div class=\"elementor-widget-container\">\n\t\t\t\t\t\t\t\t\t<p>Iniciativas de intelig\u00eancia operacional demandam coleta e an\u00e1lise de correla\u00e7\u00e3o de\u00a0<em>logs<\/em>\u00a0em tempo real, cobrindo todas as plataformas cr\u00edticas da organiza\u00e7\u00e3o, inclusive o\u00a0<em>Mainframe<\/em>. Mas sem a tecnologia adequada, acessar todas as fontes\u00a0<em>Mainframe\u00a0<\/em>relevantes, em tempo real, pode ser um desafio.<\/p><p class=\"\">O\u00a0<em>Ironstream<\/em>\u00a0\u00e9 uma ferramenta de coleta em tempo real de\u00a0<em>logs<\/em>\u00a0do z\/OS e envio desses dados em formato aberto JSON para a plataforma anal\u00edtica via TCP\/SSL.\u00a0<\/p>\t\t\t\t\t\t\t\t<\/div>\n\t\t\t\t<\/div>\n\t\t\t\t<\/div>\n\t\t<div class=\"elementor-element elementor-element-e5e3c74 e-con-full e-flex e-con e-child\" data-id=\"e5e3c74\" data-element_type=\"container\">\n\t\t\t\t<div class=\"elementor-element elementor-element-27e6006 elementor-widget elementor-widget-text-editor\" data-id=\"27e6006\" data-element_type=\"widget\" data-widget_type=\"text-editor.default\">\n\t\t\t\t<div class=\"elementor-widget-container\">\n\t\t\t\t\t\t\t\t\t<p class=\"\">Ele abrange in\u00fameras fontes: SMF (mais de 50 tipos de registros); RMF DDS; Syslog; SyslogD; blocos de controle do sistema; Log4j; Sysout; monitoramento de arquivos USS; inserts e updates do DB2 z\/OS; alertas de rede; arquivos sequenciais de transa\u00e7\u00f5es; fontes customizadas via API (Assembler, Cobol, Rexx).<\/p><p>O\u00a0<em>Ironstream<\/em>\u00a0\u00e9 instalado no z\/OS e utiliza processadores zIIP no preparo dos\u00a0<em>logs<\/em>\u00a0para envio. Portanto, sem impacto em CPU tarif\u00e1vel.<\/p>\t\t\t\t\t\t\t\t<\/div>\n\t\t\t\t<\/div>\n\t\t\t\t<\/div>\n\t\t\t\t\t<\/div>\n\t\t\t\t<\/div>\n\t\t<div class=\"elementor-element elementor-element-eeb3e8b e-flex e-con-boxed e-con e-parent\" data-id=\"eeb3e8b\" data-element_type=\"container\">\n\t\t\t\t\t<div class=\"e-con-inner\">\n\t\t\t\t<div class=\"elementor-element elementor-element-cb10991 elementor-invisible elementor-widget elementor-widget-image\" data-id=\"cb10991\" data-element_type=\"widget\" data-settings=\"{&quot;_animation&quot;:&quot;fadeInUp&quot;}\" data-widget_type=\"image.default\">\n\t\t\t\t<div class=\"elementor-widget-container\">\n\t\t\t\t\t\t\t\t\t\t\t\t\t\t\t<img fetchpriority=\"high\" decoding=\"async\" width=\"1000\" height=\"527\" src=\"https:\/\/phdbrasil.com.br\/site\/wp-content\/uploads\/2025\/07\/mainframe-loganalytcs-1.jpg\" class=\"attachment-full size-full wp-image-483\" alt=\"\" \/>\t\t\t\t\t\t\t\t\t\t\t\t\t\t\t<\/div>\n\t\t\t\t<\/div>\n\t\t\t\t\t<\/div>\n\t\t\t\t<\/div>\n\t\t<div class=\"elementor-element elementor-element-30a38cf3 e-flex e-con-boxed e-con e-parent\" data-id=\"30a38cf3\" data-element_type=\"container\" data-settings=\"{&quot;background_background&quot;:&quot;classic&quot;}\">\n\t\t\t\t\t<div class=\"e-con-inner\">\n\t\t<div class=\"elementor-element elementor-element-5cc54c24 e-con-full e-flex e-con e-child\" data-id=\"5cc54c24\" data-element_type=\"container\" data-settings=\"{&quot;background_background&quot;:&quot;classic&quot;}\">\n\t\t\t\t<div class=\"elementor-element elementor-element-5517cc69 elementor-widget elementor-widget-heading\" data-id=\"5517cc69\" data-element_type=\"widget\" data-widget_type=\"heading.default\">\n\t\t\t\t<div class=\"elementor-widget-container\">\n\t\t\t\t\t<h2 class=\"elementor-heading-title elementor-size-default\">Nossos especialistas est\u00e3o esperando voc\u00ea para ajud\u00e1-lo.<\/h2>\t\t\t\t<\/div>\n\t\t\t\t<\/div>\n\t\t\t\t<div class=\"elementor-element elementor-element-1f1e8533 elementor-widget elementor-widget-button\" data-id=\"1f1e8533\" data-element_type=\"widget\" data-widget_type=\"button.default\">\n\t\t\t\t<div class=\"elementor-widget-container\">\n\t\t\t\t\t\t\t\t\t<div class=\"elementor-button-wrapper\">\n\t\t\t\t\t<a class=\"elementor-button elementor-button-link elementor-size-sm\" href=\"https:\/\/phdbrasil.com.br\/site\/contato\/\">\n\t\t\t\t\t\t<span class=\"elementor-button-content-wrapper\">\n\t\t\t\t\t\t\t\t\t<span class=\"elementor-button-text\">Entrar em contato<\/span>\n\t\t\t\t\t<\/span>\n\t\t\t\t\t<\/a>\n\t\t\t\t<\/div>\n\t\t\t\t\t\t\t\t<\/div>\n\t\t\t\t<\/div>\n\t\t\t\t<\/div>\n\t\t\t\t\t<\/div>\n\t\t\t\t<\/div>\n\t\t\t\t<\/div>\n\t\t","protected":false},"excerpt":{"rendered":"<p>Mainframe Log Analytics Log Analytcs com Fontes Mainframe? O Ironstream \u00e9 para voc\u00ea! Iniciativas de intelig\u00eancia operacional demandam coleta e an\u00e1lise de correla\u00e7\u00e3o de\u00a0logs\u00a0em tempo real, cobrindo todas as plataformas cr\u00edticas da organiza\u00e7\u00e3o, inclusive o\u00a0Mainframe. Mas sem a tecnologia adequada, acessar todas as fontes\u00a0Mainframe\u00a0relevantes, em tempo real, pode ser um desafio. O\u00a0Ironstream\u00a0\u00e9 uma ferramenta de [&hellip;]<\/p>\n","protected":false},"author":1,"featured_media":0,"parent":0,"menu_order":0,"comment_status":"closed","ping_status":"closed","template":"","meta":{"footnotes":""},"class_list":["post-27","page","type-page","status-publish","hentry"],"_links":{"self":[{"href":"https:\/\/phdbrasil.com.br\/site\/wp-json\/wp\/v2\/pages\/27","targetHints":{"allow":["GET"]}}],"collection":[{"href":"https:\/\/phdbrasil.com.br\/site\/wp-json\/wp\/v2\/pages"}],"about":[{"href":"https:\/\/phdbrasil.com.br\/site\/wp-json\/wp\/v2\/types\/page"}],"author":[{"embeddable":true,"href":"https:\/\/phdbrasil.com.br\/site\/wp-json\/wp\/v2\/users\/1"}],"replies":[{"embeddable":true,"href":"https:\/\/phdbrasil.com.br\/site\/wp-json\/wp\/v2\/comments?post=27"}],"version-history":[{"count":31,"href":"https:\/\/phdbrasil.com.br\/site\/wp-json\/wp\/v2\/pages\/27\/revisions"}],"predecessor-version":[{"id":778,"href":"https:\/\/phdbrasil.com.br\/site\/wp-json\/wp\/v2\/pages\/27\/revisions\/778"}],"wp:attachment":[{"href":"https:\/\/phdbrasil.com.br\/site\/wp-json\/wp\/v2\/media?parent=27"}],"curies":[{"name":"wp","href":"https:\/\/api.w.org\/{rel}","templated":true}]}}