{"id":25,"date":"2025-06-23T10:38:09","date_gmt":"2025-06-23T13:38:09","guid":{"rendered":"https:\/\/phdbrasil.com.br\/site\/?page_id=25"},"modified":"2025-09-16T17:24:35","modified_gmt":"2025-09-16T20:24:35","slug":"mainframe-sort-performance","status":"publish","type":"page","link":"https:\/\/phdbrasil.com.br\/site\/mainframe-sort-performance\/","title":{"rendered":"Mainframe Sort Performance"},"content":{"rendered":"\t\t<div data-elementor-type=\"wp-page\" data-elementor-id=\"25\" class=\"elementor elementor-25\">\n\t\t\t\t<div class=\"elementor-element elementor-element-75301dc6 e-flex e-con-boxed e-con e-parent\" data-id=\"75301dc6\" data-element_type=\"container\" data-settings=\"{&quot;background_background&quot;:&quot;classic&quot;}\">\n\t\t\t\t\t<div class=\"e-con-inner\">\n\t\t<div class=\"elementor-element elementor-element-727d9b50 e-con-full e-flex e-con e-child\" data-id=\"727d9b50\" data-element_type=\"container\" data-settings=\"{&quot;background_background&quot;:&quot;classic&quot;}\">\n\t\t\t\t<div class=\"elementor-element elementor-element-9a2fdc8 elementor-widget elementor-widget-heading\" data-id=\"9a2fdc8\" data-element_type=\"widget\" data-widget_type=\"heading.default\">\n\t\t\t\t<div class=\"elementor-widget-container\">\n\t\t\t\t\t<h1 class=\"elementor-heading-title elementor-size-default\">Mainframe Sort Performance<\/h1>\t\t\t\t<\/div>\n\t\t\t\t<\/div>\n\t\t\t\t<div class=\"elementor-element elementor-element-5e1f4672 elementor-widget elementor-widget-text-editor\" data-id=\"5e1f4672\" data-element_type=\"widget\" data-widget_type=\"text-editor.default\">\n\t\t\t\t<div class=\"elementor-widget-container\">\n\t\t\t\t\t\t\t\t\t<p>Elimine o custo de CPU do Sort e antecipe o seu Batch.<\/p>\t\t\t\t\t\t\t\t<\/div>\n\t\t\t\t<\/div>\n\t\t\t\t<\/div>\n\t\t\t\t\t<\/div>\n\t\t\t\t<\/div>\n\t\t<div class=\"elementor-element elementor-element-cee0be6 e-flex e-con-boxed e-con e-parent\" data-id=\"cee0be6\" data-element_type=\"container\">\n\t\t\t\t\t<div class=\"e-con-inner\">\n\t\t<div class=\"elementor-element elementor-element-eb03173 e-con-full e-flex e-con e-child\" data-id=\"eb03173\" data-element_type=\"container\">\n\t\t\t\t<div class=\"elementor-element elementor-element-511103f elementor-widget elementor-widget-text-editor\" data-id=\"511103f\" data-element_type=\"widget\" data-widget_type=\"text-editor.default\">\n\t\t\t\t<div class=\"elementor-widget-container\">\n\t\t\t\t\t\t\t\t\t<p><b>Precisely Syncsort<\/b>\u00a0\u00e9 uma su\u00edte de\u00a0<em>Sort<\/em>\u00a0de alta performance para\u00a0<em>Mainframe<\/em>\u00a0z\/OS. Uma solu\u00e7\u00e3o padr\u00e3o de\u00a0<em>Sort<\/em>\u00a0em mais de 50% dos\u00a0<em>Mainframes<\/em>\u00a0do mundo, com mais de 12.000 instala\u00e7\u00f5es em 85 pa\u00edses, incluindo 87 empresas na lista Fortune 100.<\/p>\t\t\t\t\t\t\t\t<\/div>\n\t\t\t\t<\/div>\n\t\t\t\t<\/div>\n\t\t\t\t\t<\/div>\n\t\t\t\t<\/div>\n\t\t<div class=\"elementor-element elementor-element-d8f5339 e-flex e-con-boxed e-con e-parent\" data-id=\"d8f5339\" data-element_type=\"container\">\n\t\t\t\t\t<div class=\"e-con-inner\">\n\t\t<div class=\"elementor-element elementor-element-c9da878 e-con-full e-flex e-con e-child\" data-id=\"c9da878\" data-element_type=\"container\">\n\t\t\t\t<div class=\"elementor-element elementor-element-b4ddb28 elementor-invisible elementor-widget elementor-widget-image\" data-id=\"b4ddb28\" data-element_type=\"widget\" data-settings=\"{&quot;_animation&quot;:&quot;fadeInUp&quot;}\" data-widget_type=\"image.default\">\n\t\t\t\t<div class=\"elementor-widget-container\">\n\t\t\t\t\t\t\t\t\t\t\t\t\t\t\t<img fetchpriority=\"high\" decoding=\"async\" width=\"500\" height=\"300\" src=\"https:\/\/phdbrasil.com.br\/site\/wp-content\/uploads\/2025\/07\/mainframe-01.jpg\" class=\"attachment-full size-full wp-image-522\" alt=\"\" \/>\t\t\t\t\t\t\t\t\t\t\t\t\t\t\t<\/div>\n\t\t\t\t<\/div>\n\t\t\t\t<div class=\"elementor-element elementor-element-ae6c972 elementor-widget elementor-widget-text-editor\" data-id=\"ae6c972\" data-element_type=\"widget\" data-widget_type=\"text-editor.default\">\n\t\t\t\t<div class=\"elementor-widget-container\">\n\t\t\t\t\t\t\t\t\t<div class=\"et_pb_text et_pb_module et_pb_bg_layout_light et_pb_text_align_left et_pb_text_1\"><ul><li><strong>Elimina custos de CPU:<\/strong>\u00a0transfere at\u00e9 95% do processamento do\u00a0<em>Sort<\/em>\u00a0para processadores zIIP.<\/li><\/ul><\/div><div class=\"et_pb_text et_pb_module et_pb_bg_layout_light et_pb_text_align_left et_pb_text_2\">\u00a0<\/div>\t\t\t\t\t\t\t\t<\/div>\n\t\t\t\t<\/div>\n\t\t\t\t<div class=\"elementor-element elementor-element-4711fd5 elementor-widget elementor-widget-text-editor\" data-id=\"4711fd5\" data-element_type=\"widget\" data-widget_type=\"text-editor.default\">\n\t\t\t\t<div class=\"elementor-widget-container\">\n\t\t\t\t\t\t\t\t\t<ul><li><strong>Otimizador inteligente:<\/strong>\u00a0adapta-se continuamente ao\u00a0<em>workload<\/em>\u00a0do sistema, para garantir a melhor performance e aproveitamento global dos recursos.<\/li><\/ul>\t\t\t\t\t\t\t\t<\/div>\n\t\t\t\t<\/div>\n\t\t\t\t<\/div>\n\t\t<div class=\"elementor-element elementor-element-50703c1 e-con-full e-flex e-con e-child\" data-id=\"50703c1\" data-element_type=\"container\">\n\t\t\t\t<div class=\"elementor-element elementor-element-68836a5 elementor-invisible elementor-widget elementor-widget-image\" data-id=\"68836a5\" data-element_type=\"widget\" data-settings=\"{&quot;_animation&quot;:&quot;fadeInUp&quot;}\" data-widget_type=\"image.default\">\n\t\t\t\t<div class=\"elementor-widget-container\">\n\t\t\t\t\t\t\t\t\t\t\t\t\t\t\t<img decoding=\"async\" width=\"500\" height=\"300\" src=\"https:\/\/phdbrasil.com.br\/site\/wp-content\/uploads\/2025\/07\/mainframe-02.jpg\" class=\"attachment-full size-full wp-image-523\" alt=\"\" \/>\t\t\t\t\t\t\t\t\t\t\t\t\t\t\t<\/div>\n\t\t\t\t<\/div>\n\t\t\t\t<div class=\"elementor-element elementor-element-28e37a8 elementor-widget elementor-widget-text-editor\" data-id=\"28e37a8\" data-element_type=\"widget\" data-widget_type=\"text-editor.default\">\n\t\t\t\t<div class=\"elementor-widget-container\">\n\t\t\t\t\t\t\t\t\t<ul><li><strong>Libera a janela\u00a0<em>batch<\/em>:<\/strong>\u00a0executa at\u00e9 8\u00a0<em>Sorts<\/em>\u00a0em paralelo sob o mesmo\u00a0<em>Step<\/em>, economizando at\u00e9 90% do\u00a0<em>elapsed time<\/em>.<\/li><\/ul>\t\t\t\t\t\t\t\t<\/div>\n\t\t\t\t<\/div>\n\t\t\t\t<div class=\"elementor-element elementor-element-a8e1243 elementor-widget elementor-widget-text-editor\" data-id=\"a8e1243\" data-element_type=\"widget\" data-widget_type=\"text-editor.default\">\n\t\t\t\t<div class=\"elementor-widget-container\">\n\t\t\t\t\t\t\t\t\t<ul><li><strong>Implanta\u00e7\u00e3o transparente:<\/strong>\u00a0aproveitamento dos benef\u00edcios logo ap\u00f3s a instala\u00e7\u00e3o.<\/li><\/ul>\t\t\t\t\t\t\t\t<\/div>\n\t\t\t\t<\/div>\n\t\t\t\t<\/div>\n\t\t\t\t\t<\/div>\n\t\t\t\t<\/div>\n\t\t<div class=\"elementor-element elementor-element-752918b e-flex e-con-boxed e-con e-parent\" data-id=\"752918b\" data-element_type=\"container\">\n\t\t\t\t\t<div class=\"e-con-inner\">\n\t\t<div class=\"elementor-element elementor-element-868a021 e-con-full e-flex e-con e-child\" data-id=\"868a021\" data-element_type=\"container\">\n\t\t<div class=\"elementor-element elementor-element-d494dfb e-con-full e-flex e-con e-child\" data-id=\"d494dfb\" data-element_type=\"container\">\n\t\t\t\t<div class=\"elementor-element elementor-element-5a283b7 elementor-widget elementor-widget-heading\" data-id=\"5a283b7\" data-element_type=\"widget\" data-widget_type=\"heading.default\">\n\t\t\t\t<div class=\"elementor-widget-container\">\n\t\t\t\t\t<h2 class=\"elementor-heading-title elementor-size-default\">Benef\u00edcios para o neg\u00f3cio<\/h2>\t\t\t\t<\/div>\n\t\t\t\t<\/div>\n\t\t\t\t<div class=\"elementor-element elementor-element-83058f3 elementor-invisible elementor-widget elementor-widget-image\" data-id=\"83058f3\" data-element_type=\"widget\" data-settings=\"{&quot;_animation&quot;:&quot;fadeInUp&quot;}\" data-widget_type=\"image.default\">\n\t\t\t\t<div class=\"elementor-widget-container\">\n\t\t\t\t\t\t\t\t\t\t\t\t\t\t\t<img decoding=\"async\" width=\"600\" height=\"450\" src=\"https:\/\/phdbrasil.com.br\/site\/wp-content\/uploads\/2025\/07\/beneficios-phdbrasil.jpg\" class=\"attachment-full size-full wp-image-513\" alt=\"\" \/>\t\t\t\t\t\t\t\t\t\t\t\t\t\t\t<\/div>\n\t\t\t\t<\/div>\n\t\t\t\t<\/div>\n\t\t<div class=\"elementor-element elementor-element-03148e5 e-con-full e-flex e-con e-child\" data-id=\"03148e5\" data-element_type=\"container\">\n\t\t\t\t<div class=\"elementor-element elementor-element-6224e4a elementor-widget elementor-widget-html\" data-id=\"6224e4a\" data-element_type=\"widget\" data-widget_type=\"html.default\">\n\t\t\t\t<div class=\"elementor-widget-container\">\n\t\t\t\t\t<table>\n<tbody>\n<tr>\n<td width=\"212\">Licenciamento por Subcapacidade<\/td>\n<td width=\"212\">Reduz a CPU fatur\u00e1vel e controla custos globais de software<\/td>\n<\/tr>\n<tr>\n<td width=\"212\">Upgrades do Hardware<\/td>\n<td width=\"212\">Retarda upgrades do hardware \u00e0 medida que os dados crescem<\/td>\n<\/tr>\n<tr>\n<td width=\"212\">LPAR com Cap de MSU<\/td>\n<td width=\"212\">Suporta mais trabalho e libera capacidade<\/td>\n<\/tr>\n<tr>\n<td width=\"212\">Chargeback em Hosting\/Outsourcing<\/td>\n<td width=\"212\">Reduz taxas e faturas<\/td>\n<\/tr>\n<tr>\n<td width=\"212\">Janela Batch<\/td>\n<td width=\"212\">Diminui riscos e custos associados \u00e0 viola\u00e7\u00e3o de SLAs<\/td>\n<\/tr>\n<\/tbody>\n<\/table>\t\t\t\t<\/div>\n\t\t\t\t<\/div>\n\t\t\t\t<\/div>\n\t\t\t\t<\/div>\n\t\t\t\t\t<\/div>\n\t\t\t\t<\/div>\n\t\t<div class=\"elementor-element elementor-element-2691aa08 e-flex e-con-boxed e-con e-parent\" data-id=\"2691aa08\" data-element_type=\"container\" data-settings=\"{&quot;background_background&quot;:&quot;classic&quot;}\">\n\t\t\t\t\t<div class=\"e-con-inner\">\n\t\t<div class=\"elementor-element elementor-element-7d1427d5 e-con-full e-flex e-con e-child\" data-id=\"7d1427d5\" data-element_type=\"container\" data-settings=\"{&quot;background_background&quot;:&quot;classic&quot;}\">\n\t\t\t\t<div class=\"elementor-element elementor-element-643c4a5a elementor-widget elementor-widget-heading\" data-id=\"643c4a5a\" data-element_type=\"widget\" data-widget_type=\"heading.default\">\n\t\t\t\t<div class=\"elementor-widget-container\">\n\t\t\t\t\t<h2 class=\"elementor-heading-title elementor-size-default\">D\u00favidas? Nossos especialistas est\u00e3o dispon\u00edveis para atende-lo<\/h2>\t\t\t\t<\/div>\n\t\t\t\t<\/div>\n\t\t\t\t<div class=\"elementor-element elementor-element-45d2ede6 elementor-widget elementor-widget-button\" data-id=\"45d2ede6\" data-element_type=\"widget\" data-widget_type=\"button.default\">\n\t\t\t\t<div class=\"elementor-widget-container\">\n\t\t\t\t\t\t\t\t\t<div class=\"elementor-button-wrapper\">\n\t\t\t\t\t<a class=\"elementor-button elementor-button-link elementor-size-sm\" href=\"https:\/\/phdbrasil.com.br\/site\/contato\/\">\n\t\t\t\t\t\t<span class=\"elementor-button-content-wrapper\">\n\t\t\t\t\t\t\t\t\t<span class=\"elementor-button-text\">Entre em contato<\/span>\n\t\t\t\t\t<\/span>\n\t\t\t\t\t<\/a>\n\t\t\t\t<\/div>\n\t\t\t\t\t\t\t\t<\/div>\n\t\t\t\t<\/div>\n\t\t\t\t<\/div>\n\t\t\t\t\t<\/div>\n\t\t\t\t<\/div>\n\t\t\t\t<\/div>\n\t\t","protected":false},"excerpt":{"rendered":"<p>Mainframe Sort Performance Elimine o custo de CPU do Sort e antecipe o seu Batch. Precisely Syncsort\u00a0\u00e9 uma su\u00edte de\u00a0Sort\u00a0de alta performance para\u00a0Mainframe\u00a0z\/OS. Uma solu\u00e7\u00e3o padr\u00e3o de\u00a0Sort\u00a0em mais de 50% dos\u00a0Mainframes\u00a0do mundo, com mais de 12.000 instala\u00e7\u00f5es em 85 pa\u00edses, incluindo 87 empresas na lista Fortune 100. Elimina custos de CPU:\u00a0transfere at\u00e9 95% do processamento [&hellip;]<\/p>\n","protected":false},"author":1,"featured_media":0,"parent":0,"menu_order":0,"comment_status":"closed","ping_status":"closed","template":"","meta":{"footnotes":""},"class_list":["post-25","page","type-page","status-publish","hentry"],"_links":{"self":[{"href":"https:\/\/phdbrasil.com.br\/site\/wp-json\/wp\/v2\/pages\/25","targetHints":{"allow":["GET"]}}],"collection":[{"href":"https:\/\/phdbrasil.com.br\/site\/wp-json\/wp\/v2\/pages"}],"about":[{"href":"https:\/\/phdbrasil.com.br\/site\/wp-json\/wp\/v2\/types\/page"}],"author":[{"embeddable":true,"href":"https:\/\/phdbrasil.com.br\/site\/wp-json\/wp\/v2\/users\/1"}],"replies":[{"embeddable":true,"href":"https:\/\/phdbrasil.com.br\/site\/wp-json\/wp\/v2\/comments?post=25"}],"version-history":[{"count":28,"href":"https:\/\/phdbrasil.com.br\/site\/wp-json\/wp\/v2\/pages\/25\/revisions"}],"predecessor-version":[{"id":979,"href":"https:\/\/phdbrasil.com.br\/site\/wp-json\/wp\/v2\/pages\/25\/revisions\/979"}],"wp:attachment":[{"href":"https:\/\/phdbrasil.com.br\/site\/wp-json\/wp\/v2\/media?parent=25"}],"curies":[{"name":"wp","href":"https:\/\/api.w.org\/{rel}","templated":true}]}}