{"id":23,"date":"2025-06-23T10:37:43","date_gmt":"2025-06-23T13:37:43","guid":{"rendered":"https:\/\/phdbrasil.com.br\/site\/?page_id=23"},"modified":"2025-09-10T08:59:22","modified_gmt":"2025-09-10T11:59:22","slug":"legacy-to-next-gen-data-integration","status":"publish","type":"page","link":"https:\/\/phdbrasil.com.br\/site\/legacy-to-next-gen-data-integration\/","title":{"rendered":"Legacy to Next-Gen Data Integration"},"content":{"rendered":"\t\t<div data-elementor-type=\"wp-page\" data-elementor-id=\"23\" class=\"elementor elementor-23\">\n\t\t\t\t<div class=\"elementor-element elementor-element-5a2fee06 e-flex e-con-boxed e-con e-parent\" data-id=\"5a2fee06\" data-element_type=\"container\" data-settings=\"{&quot;background_background&quot;:&quot;classic&quot;}\">\n\t\t\t\t\t<div class=\"e-con-inner\">\n\t\t<div class=\"elementor-element elementor-element-7e3babc8 e-con-full e-flex e-con e-child\" data-id=\"7e3babc8\" data-element_type=\"container\" data-settings=\"{&quot;background_background&quot;:&quot;classic&quot;}\">\n\t\t\t\t<div class=\"elementor-element elementor-element-34eff677 elementor-widget elementor-widget-heading\" data-id=\"34eff677\" data-element_type=\"widget\" data-widget_type=\"heading.default\">\n\t\t\t\t<div class=\"elementor-widget-container\">\n\t\t\t\t\t<h1 class=\"elementor-heading-title elementor-size-default\">Legacy to Next-Gen Data Integration<\/h1>\t\t\t\t<\/div>\n\t\t\t\t<\/div>\n\t\t\t\t<div class=\"elementor-element elementor-element-430009d9 elementor-widget elementor-widget-text-editor\" data-id=\"430009d9\" data-element_type=\"widget\" data-widget_type=\"text-editor.default\">\n\t\t\t\t<div class=\"elementor-widget-container\">\n\t\t\t\t\t\t\t\t\t<p>Solu\u00e7\u00f5es Real-Time de CDC e ETL<\/p>\t\t\t\t\t\t\t\t<\/div>\n\t\t\t\t<\/div>\n\t\t\t\t<\/div>\n\t\t\t\t\t<\/div>\n\t\t\t\t<\/div>\n\t\t<div class=\"elementor-element elementor-element-f2ecd3f e-flex e-con-boxed e-con e-parent\" data-id=\"f2ecd3f\" data-element_type=\"container\">\n\t\t\t\t\t<div class=\"e-con-inner\">\n\t\t\t\t<div class=\"elementor-element elementor-element-0cbef54 elementor-widget elementor-widget-text-editor\" data-id=\"0cbef54\" data-element_type=\"widget\" data-widget_type=\"text-editor.default\">\n\t\t\t\t<div class=\"elementor-widget-container\">\n\t\t\t\t\t\t\t\t\t<p>A postura data-driven \u00e9 hoje uma premissa do sucesso corporativo. Desde aplica\u00e7\u00f5es anal\u00edticas e preditivas at\u00e9 os mais recentes avan\u00e7os baseados em IA, \u00e9 fundamental a capacidade de acessar e integrar quaisquer origens de forma \u00e1gil, e alimentar continuamente e em tempo real as plataformas-alvos com todos os dados relevantes. Os recursos de ETL e CDC em tempo real do Connect reduzem o time-to-value da sua jornada de transforma\u00e7\u00e3o digital, desde o mainframe e outros legados at\u00e9 as \u00faltimas inova\u00e7\u00f5es em arquiteturas h\u00edbridas e multicloud.<\/p>\t\t\t\t\t\t\t\t<\/div>\n\t\t\t\t<\/div>\n\t\t\t\t\t<\/div>\n\t\t\t\t<\/div>\n\t\t<div class=\"elementor-element elementor-element-0b80009 e-flex e-con-boxed e-con e-parent\" data-id=\"0b80009\" data-element_type=\"container\">\n\t\t\t\t\t<div class=\"e-con-inner\">\n\t\t\t\t<div class=\"elementor-element elementor-element-84fb6bc animated-fast elementor-invisible elementor-widget elementor-widget-image\" data-id=\"84fb6bc\" data-element_type=\"widget\" data-settings=\"{&quot;_animation&quot;:&quot;fadeInLeft&quot;}\" data-widget_type=\"image.default\">\n\t\t\t\t<div class=\"elementor-widget-container\">\n\t\t\t\t\t\t\t\t\t\t\t\t\t\t\t<img fetchpriority=\"high\" decoding=\"async\" width=\"1974\" height=\"610\" src=\"https:\/\/phdbrasil.com.br\/site\/wp-content\/uploads\/2025\/07\/Imagem-do-WhatsApp-de-2025-03-24-as-12.25.38_32179606editada-1.jpg\" class=\"attachment-full size-full wp-image-438\" alt=\"\" \/>\t\t\t\t\t\t\t\t\t\t\t\t\t\t\t<\/div>\n\t\t\t\t<\/div>\n\t\t\t\t\t<\/div>\n\t\t\t\t<\/div>\n\t\t<div class=\"elementor-element elementor-element-3f147c9 e-flex e-con-boxed e-con e-parent\" data-id=\"3f147c9\" data-element_type=\"container\">\n\t\t\t\t\t<div class=\"e-con-inner\">\n\t\t\t\t<div class=\"elementor-element elementor-element-74f3ef7 animated-fast elementor-invisible elementor-widget elementor-widget-image\" data-id=\"74f3ef7\" data-element_type=\"widget\" data-settings=\"{&quot;_animation&quot;:&quot;fadeInLeft&quot;}\" data-widget_type=\"image.default\">\n\t\t\t\t<div class=\"elementor-widget-container\">\n\t\t\t\t\t\t\t\t\t\t\t\t\t\t\t<img decoding=\"async\" width=\"1536\" height=\"576\" src=\"https:\/\/phdbrasil.com.br\/site\/wp-content\/uploads\/2025\/07\/Imagem-do-WhatsApp-de-2025-03-24-as-12.25.52_50a63266-editada-1536x576-2.jpg\" class=\"attachment-full size-full wp-image-439\" alt=\"\" \/>\t\t\t\t\t\t\t\t\t\t\t\t\t\t\t<\/div>\n\t\t\t\t<\/div>\n\t\t\t\t\t<\/div>\n\t\t\t\t<\/div>\n\t\t<div class=\"elementor-element elementor-element-5980e1dc e-flex e-con-boxed e-con e-parent\" data-id=\"5980e1dc\" data-element_type=\"container\" data-settings=\"{&quot;background_background&quot;:&quot;classic&quot;}\">\n\t\t\t\t\t<div class=\"e-con-inner\">\n\t\t<div class=\"elementor-element elementor-element-739476ae e-con-full e-flex e-con e-child\" data-id=\"739476ae\" data-element_type=\"container\" data-settings=\"{&quot;background_background&quot;:&quot;classic&quot;}\">\n\t\t\t\t<div class=\"elementor-element elementor-element-48091358 elementor-widget elementor-widget-heading\" data-id=\"48091358\" data-element_type=\"widget\" data-widget_type=\"heading.default\">\n\t\t\t\t<div class=\"elementor-widget-container\">\n\t\t\t\t\t<h2 class=\"elementor-heading-title elementor-size-default\">Entre em contato agora mesmo e tire suas d\u00favidas.<\/h2>\t\t\t\t<\/div>\n\t\t\t\t<\/div>\n\t\t\t\t<div class=\"elementor-element elementor-element-f4d3559 elementor-widget elementor-widget-text-editor\" data-id=\"f4d3559\" data-element_type=\"widget\" data-widget_type=\"text-editor.default\">\n\t\t\t\t<div class=\"elementor-widget-container\">\n\t\t\t\t\t\t\t\t\t<p>Entenda melhor como podemos oferecer uma gest\u00e3o de dados mais eficiente para o seu neg\u00f3cio.<\/p>\t\t\t\t\t\t\t\t<\/div>\n\t\t\t\t<\/div>\n\t\t\t\t<div class=\"elementor-element elementor-element-6d444b8e elementor-widget elementor-widget-button\" data-id=\"6d444b8e\" data-element_type=\"widget\" data-widget_type=\"button.default\">\n\t\t\t\t<div class=\"elementor-widget-container\">\n\t\t\t\t\t\t\t\t\t<div class=\"elementor-button-wrapper\">\n\t\t\t\t\t<a class=\"elementor-button elementor-button-link elementor-size-sm\" href=\"https:\/\/phdbrasil.com.br\/site\/contato\/\">\n\t\t\t\t\t\t<span class=\"elementor-button-content-wrapper\">\n\t\t\t\t\t\t\t\t\t<span class=\"elementor-button-text\">Fale com nossos especialistas<\/span>\n\t\t\t\t\t<\/span>\n\t\t\t\t\t<\/a>\n\t\t\t\t<\/div>\n\t\t\t\t\t\t\t\t<\/div>\n\t\t\t\t<\/div>\n\t\t\t\t<\/div>\n\t\t\t\t\t<\/div>\n\t\t\t\t<\/div>\n\t\t\t\t<\/div>\n\t\t","protected":false},"excerpt":{"rendered":"<p>Legacy to Next-Gen Data Integration Solu\u00e7\u00f5es Real-Time de CDC e ETL A postura data-driven \u00e9 hoje uma premissa do sucesso corporativo. Desde aplica\u00e7\u00f5es anal\u00edticas e preditivas at\u00e9 os mais recentes avan\u00e7os baseados em IA, \u00e9 fundamental a capacidade de acessar e integrar quaisquer origens de forma \u00e1gil, e alimentar continuamente e em tempo real as [&hellip;]<\/p>\n","protected":false},"author":1,"featured_media":0,"parent":0,"menu_order":0,"comment_status":"closed","ping_status":"closed","template":"","meta":{"footnotes":""},"class_list":["post-23","page","type-page","status-publish","hentry"],"_links":{"self":[{"href":"https:\/\/phdbrasil.com.br\/site\/wp-json\/wp\/v2\/pages\/23","targetHints":{"allow":["GET"]}}],"collection":[{"href":"https:\/\/phdbrasil.com.br\/site\/wp-json\/wp\/v2\/pages"}],"about":[{"href":"https:\/\/phdbrasil.com.br\/site\/wp-json\/wp\/v2\/types\/page"}],"author":[{"embeddable":true,"href":"https:\/\/phdbrasil.com.br\/site\/wp-json\/wp\/v2\/users\/1"}],"replies":[{"embeddable":true,"href":"https:\/\/phdbrasil.com.br\/site\/wp-json\/wp\/v2\/comments?post=23"}],"version-history":[{"count":49,"href":"https:\/\/phdbrasil.com.br\/site\/wp-json\/wp\/v2\/pages\/23\/revisions"}],"predecessor-version":[{"id":967,"href":"https:\/\/phdbrasil.com.br\/site\/wp-json\/wp\/v2\/pages\/23\/revisions\/967"}],"wp:attachment":[{"href":"https:\/\/phdbrasil.com.br\/site\/wp-json\/wp\/v2\/media?parent=23"}],"curies":[{"name":"wp","href":"https:\/\/api.w.org\/{rel}","templated":true}]}}