{"id":19,"date":"2025-06-23T10:36:55","date_gmt":"2025-06-23T13:36:55","guid":{"rendered":"https:\/\/phdbrasil.com.br\/site\/?page_id=19"},"modified":"2025-09-01T16:26:17","modified_gmt":"2025-09-01T19:26:17","slug":"quem-somos","status":"publish","type":"page","link":"https:\/\/phdbrasil.com.br\/site\/quem-somos\/","title":{"rendered":"Quem somos"},"content":{"rendered":"\t\t<div data-elementor-type=\"wp-page\" data-elementor-id=\"19\" class=\"elementor elementor-19\">\n\t\t\t\t<div class=\"elementor-element elementor-element-3e1f4be6 e-flex e-con-boxed e-con e-parent\" data-id=\"3e1f4be6\" data-element_type=\"container\" data-settings=\"{&quot;background_background&quot;:&quot;classic&quot;}\">\n\t\t\t\t\t<div class=\"e-con-inner\">\n\t\t<div class=\"elementor-element elementor-element-270885e1 e-con-full e-flex e-con e-child\" data-id=\"270885e1\" data-element_type=\"container\" data-settings=\"{&quot;background_background&quot;:&quot;classic&quot;}\">\n\t\t\t\t<div class=\"elementor-element elementor-element-1efb5344 elementor-widget elementor-widget-heading\" data-id=\"1efb5344\" data-element_type=\"widget\" data-widget_type=\"heading.default\">\n\t\t\t\t<div class=\"elementor-widget-container\">\n\t\t\t\t\t<h1 class=\"elementor-heading-title elementor-size-default\">Conhe\u00e7a a PHD Brasil<\/h1>\t\t\t\t<\/div>\n\t\t\t\t<\/div>\n\t\t\t\t<div class=\"elementor-element elementor-element-7f72b788 elementor-widget elementor-widget-text-editor\" data-id=\"7f72b788\" data-element_type=\"widget\" data-widget_type=\"text-editor.default\">\n\t\t\t\t<div class=\"elementor-widget-container\">\n\t\t\t\t\t\t\t\t\t<p>Fundada h\u00e1 35 anos, nos dedicamos aos nossos clientes com agilidade e intelig\u00eancia de dados.<\/p>\n<p>Esse sempre foi nosso foco e continua sendo.<\/p>\t\t\t\t\t\t\t\t<\/div>\n\t\t\t\t<\/div>\n\t\t\t\t<\/div>\n\t\t\t\t\t<\/div>\n\t\t\t\t<\/div>\n\t\t<div class=\"elementor-element elementor-element-1238b99 e-flex e-con-boxed e-con e-parent\" data-id=\"1238b99\" data-element_type=\"container\">\n\t\t\t\t\t<div class=\"e-con-inner\">\n\t\t<div class=\"elementor-element elementor-element-c9ac014 e-con-full e-flex e-con e-child\" data-id=\"c9ac014\" data-element_type=\"container\">\n\t\t\t\t<div class=\"elementor-element elementor-element-efc93c6 elementor-widget elementor-widget-text-editor\" data-id=\"efc93c6\" data-element_type=\"widget\" data-widget_type=\"text-editor.default\">\n\t\t\t\t<div class=\"elementor-widget-container\">\n\t\t\t\t\t\t\t\t\t<p>Com aumento acelerado do volume de DADOS, sua diversidade de formatos e necessidade crescente de decis\u00f5es mais \u00e1geis, muitas delas em\u00a0<em>real time<\/em>\u00a0\u2013como no caso da seguran\u00e7a\u00a0\u2013\u00a0a PHD Brasil ampliou sua abrang\u00eancia. Conseguimos tratar\u00a0<strong>petabytes de DADOS<\/strong>\u00a0e incorporamos o<strong>\u00a0Analytics<\/strong>\u00a0\u00e0s nossas solu\u00e7\u00f5es. Hoje, somos \u201c<strong>Ph.D. in Data &amp; Analytics<\/strong>\u201d.<\/p>\t\t\t\t\t\t\t\t<\/div>\n\t\t\t\t<\/div>\n\t\t\t\t<\/div>\n\t\t<div class=\"elementor-element elementor-element-4877dc0 e-con-full e-flex e-con e-child\" data-id=\"4877dc0\" data-element_type=\"container\">\n\t\t\t\t<div class=\"elementor-element elementor-element-a80c6f7 elementor-widget elementor-widget-text-editor\" data-id=\"a80c6f7\" data-element_type=\"widget\" data-widget_type=\"text-editor.default\">\n\t\t\t\t<div class=\"elementor-widget-container\">\n\t\t\t\t\t\t\t\t\t<p>Como uma empresa de especialistas, incentivamos o aperfei\u00e7oamento constante dos nossos colaboradores, para entendermos\u00a0os desafios e oportunidades de neg\u00f3cios dos nossos clientes, projetarmos solu\u00e7\u00f5es que envolvem tecnologia, processos, pessoas e informa\u00e7\u00f5es e apoiarmos suas decis\u00f5es com\u00a0<strong>Agilidade nos Neg\u00f3cios.<\/strong><\/p>\t\t\t\t\t\t\t\t<\/div>\n\t\t\t\t<\/div>\n\t\t\t\t<\/div>\n\t\t\t\t\t<\/div>\n\t\t\t\t<\/div>\n\t\t\t\t<\/div>\n\t\t","protected":false},"excerpt":{"rendered":"<p>Conhe\u00e7a a PHD Brasil Fundada h\u00e1 35 anos, nos dedicamos aos nossos clientes com agilidade e intelig\u00eancia de dados. Esse sempre foi nosso foco e continua sendo. Com aumento acelerado do volume de DADOS, sua diversidade de formatos e necessidade crescente de decis\u00f5es mais \u00e1geis, muitas delas em\u00a0real time\u00a0\u2013como no caso da seguran\u00e7a\u00a0\u2013\u00a0a PHD Brasil [&hellip;]<\/p>\n","protected":false},"author":1,"featured_media":0,"parent":0,"menu_order":0,"comment_status":"closed","ping_status":"closed","template":"","meta":{"footnotes":""},"class_list":["post-19","page","type-page","status-publish","hentry"],"_links":{"self":[{"href":"https:\/\/phdbrasil.com.br\/site\/wp-json\/wp\/v2\/pages\/19","targetHints":{"allow":["GET"]}}],"collection":[{"href":"https:\/\/phdbrasil.com.br\/site\/wp-json\/wp\/v2\/pages"}],"about":[{"href":"https:\/\/phdbrasil.com.br\/site\/wp-json\/wp\/v2\/types\/page"}],"author":[{"embeddable":true,"href":"https:\/\/phdbrasil.com.br\/site\/wp-json\/wp\/v2\/users\/1"}],"replies":[{"embeddable":true,"href":"https:\/\/phdbrasil.com.br\/site\/wp-json\/wp\/v2\/comments?post=19"}],"version-history":[{"count":16,"href":"https:\/\/phdbrasil.com.br\/site\/wp-json\/wp\/v2\/pages\/19\/revisions"}],"predecessor-version":[{"id":759,"href":"https:\/\/phdbrasil.com.br\/site\/wp-json\/wp\/v2\/pages\/19\/revisions\/759"}],"wp:attachment":[{"href":"https:\/\/phdbrasil.com.br\/site\/wp-json\/wp\/v2\/media?parent=19"}],"curies":[{"name":"wp","href":"https:\/\/api.w.org\/{rel}","templated":true}]}}