{"id":10,"date":"2025-06-23T10:35:48","date_gmt":"2025-06-23T13:35:48","guid":{"rendered":"https:\/\/phdbrasil.com.br\/site\/?page_id=10"},"modified":"2025-09-16T17:33:15","modified_gmt":"2025-09-16T20:33:15","slug":"home","status":"publish","type":"page","link":"https:\/\/phdbrasil.com.br\/site\/","title":{"rendered":"Home"},"content":{"rendered":"\t\t<div data-elementor-type=\"wp-post\" data-elementor-id=\"10\" class=\"elementor elementor-10\">\n\t\t\t\t<div class=\"elementor-element elementor-element-1f79613 e-con-full e-flex e-con e-parent\" data-id=\"1f79613\" data-element_type=\"container\">\n\t\t\t\t<\/div>\n\t\t<div class=\"elementor-element elementor-element-ad27867 e-flex e-con-boxed e-con e-parent\" data-id=\"ad27867\" data-element_type=\"container\">\n\t\t\t\t\t<div class=\"e-con-inner\">\n\t\t\t\t\t<\/div>\n\t\t\t\t<\/div>\n\t\t<div class=\"elementor-element elementor-element-495d0eb e-flex e-con-boxed e-con e-parent\" data-id=\"495d0eb\" data-element_type=\"container\">\n\t\t\t\t\t<div class=\"e-con-inner\">\n\t\t\t\t<div class=\"elementor-element elementor-element-c0a79cc elementor-widget elementor-widget-heading\" data-id=\"c0a79cc\" data-element_type=\"widget\" data-widget_type=\"heading.default\">\n\t\t\t\t<div class=\"elementor-widget-container\">\n\t\t\t\t\t<h2 class=\"elementor-heading-title elementor-size-default\">Conhe\u00e7a as principais solu\u00e7\u00f5es da PHD Brasil<\/h2>\t\t\t\t<\/div>\n\t\t\t\t<\/div>\n\t\t\t\t\t<\/div>\n\t\t\t\t<\/div>\n\t\t<div class=\"elementor-element elementor-element-a089189 e-grid e-con-boxed e-con e-parent\" data-id=\"a089189\" data-element_type=\"container\">\n\t\t\t\t\t<div class=\"e-con-inner\">\n\t\t<div class=\"elementor-element elementor-element-26c5c40 e-con-full e-grid e-con e-child\" data-id=\"26c5c40\" data-element_type=\"container\" id=\"home-upper-boxes-wrap\">\n\t\t<a class=\"elementor-element elementor-element-692fe18 e-con-full e-flex e-con e-child\" data-id=\"692fe18\" data-element_type=\"container\" href=\"\/site\/legacy-to-next-gen-data-integration\">\n\t\t\t\t<div class=\"elementor-element elementor-element-514c08f elementor-widget elementor-widget-image\" data-id=\"514c08f\" data-element_type=\"widget\" data-widget_type=\"image.default\">\n\t\t\t\t<div class=\"elementor-widget-container\">\n\t\t\t\t\t\t\t\t\t\t\t\t\t\t\t<img fetchpriority=\"high\" decoding=\"async\" width=\"300\" height=\"220\" src=\"https:\/\/phdbrasil.com.br\/site\/wp-content\/uploads\/2025\/06\/Big-Iron-to-Big-Data-Integration-1-300x220-1.png\" class=\"attachment-large size-large wp-image-170\" alt=\"\" \/>\t\t\t\t\t\t\t\t\t\t\t\t\t\t\t<\/div>\n\t\t\t\t<\/div>\n\t\t\t\t<div class=\"elementor-element elementor-element-1b9263b elementor-widget elementor-widget-heading\" data-id=\"1b9263b\" data-element_type=\"widget\" data-widget_type=\"heading.default\">\n\t\t\t\t<div class=\"elementor-widget-container\">\n\t\t\t\t\t<h2 class=\"elementor-heading-title elementor-size-default\">Legacy to Next-Gen Data Integration<\/h2>\t\t\t\t<\/div>\n\t\t\t\t<\/div>\n\t\t\t\t<div class=\"elementor-element elementor-element-89851a2 elementor-widget elementor-widget-text-editor\" data-id=\"89851a2\" data-element_type=\"widget\" data-widget_type=\"text-editor.default\">\n\t\t\t\t<div class=\"elementor-widget-container\">\n\t\t\t\t\t\t\t\t\t<p>O Connect ETL &amp; Real-Time CDC acelera sua jornada de transforma\u00e7\u00e3o digital do mainframe \u00e0s \u00faltimas inova\u00e7\u00f5es em arquiteturas h\u00edbridas e multicloud.<\/p>\t\t\t\t\t\t\t\t<\/div>\n\t\t\t\t<\/div>\n\t\t\t\t<\/a>\n\t\t<a class=\"elementor-element elementor-element-2578b84 e-con-full e-flex e-con e-child\" data-id=\"2578b84\" data-element_type=\"container\" href=\"https:\/\/phdbrasil.com.br\/site\/mainframe-sort-performance\/\">\n\t\t\t\t<div class=\"elementor-element elementor-element-88cb877 elementor-widget elementor-widget-image\" data-id=\"88cb877\" data-element_type=\"widget\" data-widget_type=\"image.default\">\n\t\t\t\t<div class=\"elementor-widget-container\">\n\t\t\t\t\t\t\t\t\t\t\t\t\t\t\t<img decoding=\"async\" width=\"300\" height=\"220\" src=\"https:\/\/phdbrasil.com.br\/site\/wp-content\/uploads\/2025\/06\/Mainframe-Sort-Performance-300x220-1.png\" class=\"attachment-large size-large wp-image-172\" alt=\"\" \/>\t\t\t\t\t\t\t\t\t\t\t\t\t\t\t<\/div>\n\t\t\t\t<\/div>\n\t\t\t\t<div class=\"elementor-element elementor-element-f14048b elementor-widget elementor-widget-heading\" data-id=\"f14048b\" data-element_type=\"widget\" data-widget_type=\"heading.default\">\n\t\t\t\t<div class=\"elementor-widget-container\">\n\t\t\t\t\t<h2 class=\"elementor-heading-title elementor-size-default\">Mainframe Sort Performance<\/h2>\t\t\t\t<\/div>\n\t\t\t\t<\/div>\n\t\t\t\t<div class=\"elementor-element elementor-element-2a12938 elementor-widget elementor-widget-text-editor\" data-id=\"2a12938\" data-element_type=\"widget\" data-widget_type=\"text-editor.default\">\n\t\t\t\t<div class=\"elementor-widget-container\">\n\t\t\t\t\t\t\t\t\t<p>Elimine o custo de CPU do Sort e antecipe o seu Batch com uma su\u00edte de Sort de alta performance.<\/p>\t\t\t\t\t\t\t\t<\/div>\n\t\t\t\t<\/div>\n\t\t\t\t<\/a>\n\t\t\t\t<\/div>\n\t\t<div class=\"elementor-element elementor-element-ecc9392 e-con-full e-flex e-con e-child\" data-id=\"ecc9392\" data-element_type=\"container\">\n\t\t<a class=\"elementor-element elementor-element-a413be2 e-con-full e-flex e-con e-child\" data-id=\"a413be2\" data-element_type=\"container\" href=\"https:\/\/phdbrasil.com.br\/site\/mainframe-log-analytics\/\">\n\t\t\t\t<div class=\"elementor-element elementor-element-237b904 elementor-widget elementor-widget-image\" data-id=\"237b904\" data-element_type=\"widget\" data-widget_type=\"image.default\">\n\t\t\t\t<div class=\"elementor-widget-container\">\n\t\t\t\t\t\t\t\t\t\t\t\t\t\t\t<img decoding=\"async\" width=\"300\" height=\"220\" src=\"https:\/\/phdbrasil.com.br\/site\/wp-content\/uploads\/2025\/06\/Mainframe-Log-Analytic-300x220-1.png\" class=\"attachment-large size-large wp-image-171\" alt=\"\" \/>\t\t\t\t\t\t\t\t\t\t\t\t\t\t\t<\/div>\n\t\t\t\t<\/div>\n\t\t\t\t<div class=\"elementor-element elementor-element-0f566db elementor-widget elementor-widget-heading\" data-id=\"0f566db\" data-element_type=\"widget\" data-widget_type=\"heading.default\">\n\t\t\t\t<div class=\"elementor-widget-container\">\n\t\t\t\t\t<h2 class=\"elementor-heading-title elementor-size-default\">Mainframe Log Analytics<\/h2>\t\t\t\t<\/div>\n\t\t\t\t<\/div>\n\t\t\t\t<div class=\"elementor-element elementor-element-2c1787e elementor-widget elementor-widget-text-editor\" data-id=\"2c1787e\" data-element_type=\"widget\" data-widget_type=\"text-editor.default\">\n\t\t\t\t<div class=\"elementor-widget-container\">\n\t\t\t\t\t\t\t\t\t<p>Acesse todas as fontes de dados relevantes, em tempo real, por meio\u00a0do Ironstream.<\/p>\t\t\t\t\t\t\t\t<\/div>\n\t\t\t\t<\/div>\n\t\t\t\t<\/a>\n\t\t<a class=\"elementor-element elementor-element-f27efcd e-con-full e-flex e-con e-child\" data-id=\"f27efcd\" data-element_type=\"container\" href=\"https:\/\/phdbrasil.com.br\/site\/smartlogic-semaphore\/\">\n\t\t\t\t<div class=\"elementor-element elementor-element-9bcf9cb elementor-widget elementor-widget-image\" data-id=\"9bcf9cb\" data-element_type=\"widget\" data-widget_type=\"image.default\">\n\t\t\t\t<div class=\"elementor-widget-container\">\n\t\t\t\t\t\t\t\t\t\t\t\t\t\t\t<img loading=\"lazy\" decoding=\"async\" width=\"300\" height=\"220\" src=\"https:\/\/phdbrasil.com.br\/site\/wp-content\/uploads\/2025\/06\/Martlogic-SemaphorE-300x220-1.png\" class=\"attachment-large size-large wp-image-174\" alt=\"\" \/>\t\t\t\t\t\t\t\t\t\t\t\t\t\t\t<\/div>\n\t\t\t\t<\/div>\n\t\t\t\t<div class=\"elementor-element elementor-element-b25c2fb elementor-widget elementor-widget-heading\" data-id=\"b25c2fb\" data-element_type=\"widget\" data-widget_type=\"heading.default\">\n\t\t\t\t<div class=\"elementor-widget-container\">\n\t\t\t\t\t<h2 class=\"elementor-heading-title elementor-size-default\">Smartlogic Semaphore<\/h2>\t\t\t\t<\/div>\n\t\t\t\t<\/div>\n\t\t\t\t<div class=\"elementor-element elementor-element-6c01cc8 elementor-widget elementor-widget-text-editor\" data-id=\"6c01cc8\" data-element_type=\"widget\" data-widget_type=\"text-editor.default\">\n\t\t\t\t<div class=\"elementor-widget-container\">\n\t\t\t\t\t\t\t\t\t<p>intelig\u00eancia de conte\u00fado por meio\u00a0da conex\u00e3o das informa\u00e7\u00f5es de pessoas com os processos e o contexto.\u200b<\/p>\t\t\t\t\t\t\t\t<\/div>\n\t\t\t\t<\/div>\n\t\t\t\t<\/a>\n\t\t<a class=\"elementor-element elementor-element-40fc2c7 e-con-full e-flex e-con e-child\" data-id=\"40fc2c7\" data-element_type=\"container\" href=\"https:\/\/phdbrasil.com.br\/site\/marklogic\/\">\n\t\t\t\t<div class=\"elementor-element elementor-element-848327a elementor-widget elementor-widget-image\" data-id=\"848327a\" data-element_type=\"widget\" data-widget_type=\"image.default\">\n\t\t\t\t<div class=\"elementor-widget-container\">\n\t\t\t\t\t\t\t\t\t\t\t\t\t\t\t<img loading=\"lazy\" decoding=\"async\" width=\"300\" height=\"220\" src=\"https:\/\/phdbrasil.com.br\/site\/wp-content\/uploads\/2025\/06\/Marklogic-300x220-1.png\" class=\"attachment-large size-large wp-image-173\" alt=\"\" \/>\t\t\t\t\t\t\t\t\t\t\t\t\t\t\t<\/div>\n\t\t\t\t<\/div>\n\t\t\t\t<div class=\"elementor-element elementor-element-0c01c39 elementor-widget elementor-widget-heading\" data-id=\"0c01c39\" data-element_type=\"widget\" data-widget_type=\"heading.default\">\n\t\t\t\t<div class=\"elementor-widget-container\">\n\t\t\t\t\t<h2 class=\"elementor-heading-title elementor-size-default\">MarkLogic<\/h2>\t\t\t\t<\/div>\n\t\t\t\t<\/div>\n\t\t\t\t<div class=\"elementor-element elementor-element-f8b8e8e elementor-widget elementor-widget-text-editor\" data-id=\"f8b8e8e\" data-element_type=\"widget\" data-widget_type=\"text-editor.default\">\n\t\t\t\t<div class=\"elementor-widget-container\">\n\t\t\t\t\t\t\t\t\t<p>Banco de dados NoSQL transacional e operacional, projetado para integrar, armazenar, gerenciar e consultar grandes volumes de dados com seguran\u00e7a e desempenho.<\/p>\t\t\t\t\t\t\t\t<\/div>\n\t\t\t\t<\/div>\n\t\t\t\t<\/a>\n\t\t\t\t<\/div>\n\t\t\t\t\t<\/div>\n\t\t\t\t<\/div>\n\t\t<div class=\"elementor-element elementor-element-4bc1f25 e-flex e-con-boxed e-con e-parent\" data-id=\"4bc1f25\" data-element_type=\"container\" data-settings=\"{&quot;background_background&quot;:&quot;classic&quot;}\">\n\t\t\t\t\t<div class=\"e-con-inner\">\n\t\t<div class=\"elementor-element elementor-element-d7c2082 e-con-full e-flex e-con e-child\" data-id=\"d7c2082\" data-element_type=\"container\" data-settings=\"{&quot;background_background&quot;:&quot;classic&quot;}\">\n\t\t\t\t<div class=\"elementor-element elementor-element-219f565 elementor-widget elementor-widget-heading\" data-id=\"219f565\" data-element_type=\"widget\" data-widget_type=\"heading.default\">\n\t\t\t\t<div class=\"elementor-widget-container\">\n\t\t\t\t\t<h2 class=\"elementor-heading-title elementor-size-default\">Solu\u00e7\u00f5es para cada cen\u00e1rio da sua empresa<\/h2>\t\t\t\t<\/div>\n\t\t\t\t<\/div>\n\t\t\t\t<div class=\"elementor-element elementor-element-e17ae4b elementor-widget elementor-widget-text-editor\" data-id=\"e17ae4b\" data-element_type=\"widget\" data-widget_type=\"text-editor.default\">\n\t\t\t\t<div class=\"elementor-widget-container\">\n\t\t\t\t\t\t\t\t\t<p>Dados e decis\u00f5es inteligentes com rapidez, seguran\u00e7a e baixo custo. Conhe\u00e7a nossos diferenciais.<\/p>\t\t\t\t\t\t\t\t<\/div>\n\t\t\t\t<\/div>\n\t\t<div class=\"elementor-element elementor-element-a0ed368 e-con-full e-flex e-con e-child\" data-id=\"a0ed368\" data-element_type=\"container\">\n\t\t<div class=\"elementor-element elementor-element-408cdfa e-con-full e-flex e-con e-child\" data-id=\"408cdfa\" data-element_type=\"container\">\n\t\t<div class=\"elementor-element elementor-element-1ad92bf e-con-full e-flex e-con e-child\" data-id=\"1ad92bf\" data-element_type=\"container\">\n\t\t\t\t<div class=\"elementor-element elementor-element-4dbe14d animated-fast elementor-invisible elementor-widget elementor-widget-html\" data-id=\"4dbe14d\" data-element_type=\"widget\" data-settings=\"{&quot;_animation&quot;:&quot;fadeInUp&quot;}\" data-widget_type=\"html.default\">\n\t\t\t\t<div class=\"elementor-widget-container\">\n\t\t\t\t\t<i style=\"font-size: 40px;\r\ncolor: #EC6D5F \" class=\"las la-atom\"><\/i>\t\t\t\t<\/div>\n\t\t\t\t<\/div>\n\t\t\t\t<\/div>\n\t\t<div class=\"elementor-element elementor-element-af01a0e e-con-full e-flex e-con e-child\" data-id=\"af01a0e\" data-element_type=\"container\">\n\t\t\t\t<div class=\"elementor-element elementor-element-04c17b7 elementor-widget elementor-widget-heading\" data-id=\"04c17b7\" data-element_type=\"widget\" data-widget_type=\"heading.default\">\n\t\t\t\t<div class=\"elementor-widget-container\">\n\t\t\t\t\t<h2 class=\"elementor-heading-title elementor-size-default\">Experi\u00eancia e knowhow<\/h2>\t\t\t\t<\/div>\n\t\t\t\t<\/div>\n\t\t\t\t<div class=\"elementor-element elementor-element-9c608a1 elementor-widget elementor-widget-text-editor\" data-id=\"9c608a1\" data-element_type=\"widget\" data-widget_type=\"text-editor.default\">\n\t\t\t\t<div class=\"elementor-widget-container\">\n\t\t\t\t\t\t\t\t\t<p>Estruturamos a \u00e1rea de intelig\u00eancia de neg\u00f3cios da sua empresa.<\/p>\t\t\t\t\t\t\t\t<\/div>\n\t\t\t\t<\/div>\n\t\t\t\t<\/div>\n\t\t\t\t<\/div>\n\t\t<div class=\"elementor-element elementor-element-e9e6f84 e-con-full e-flex e-con e-child\" data-id=\"e9e6f84\" data-element_type=\"container\">\n\t\t<div class=\"elementor-element elementor-element-6c26a6c e-con-full e-flex e-con e-child\" data-id=\"6c26a6c\" data-element_type=\"container\">\n\t\t\t\t<div class=\"elementor-element elementor-element-0154c90 animated-fast elementor-view-default elementor-invisible elementor-widget elementor-widget-icon\" data-id=\"0154c90\" data-element_type=\"widget\" data-settings=\"{&quot;_animation&quot;:&quot;fadeInUp&quot;}\" data-widget_type=\"icon.default\">\n\t\t\t\t<div class=\"elementor-widget-container\">\n\t\t\t\t\t\t\t<div class=\"elementor-icon-wrapper\">\n\t\t\t<div class=\"elementor-icon\">\n\t\t\t<svg aria-hidden=\"true\" class=\"e-font-icon-svg e-fas-puzzle-piece\" viewBox=\"0 0 576 512\" xmlns=\"http:\/\/www.w3.org\/2000\/svg\"><path d=\"M519.442 288.651c-41.519 0-59.5 31.593-82.058 31.593C377.409 320.244 432 144 432 144s-196.288 80-196.288-3.297c0-35.827 36.288-46.25 36.288-85.985C272 19.216 243.885 0 210.539 0c-34.654 0-66.366 18.891-66.366 56.346 0 41.364 31.711 59.277 31.711 81.75C175.885 207.719 0 166.758 0 166.758v333.237s178.635 41.047 178.635-28.662c0-22.473-40-40.107-40-81.471 0-37.456 29.25-56.346 63.577-56.346 33.673 0 61.788 19.216 61.788 54.717 0 39.735-36.288 50.158-36.288 85.985 0 60.803 129.675 25.73 181.23 25.73 0 0-34.725-120.101 25.827-120.101 35.962 0 46.423 36.152 86.308 36.152C556.712 416 576 387.99 576 354.443c0-34.199-18.962-65.792-56.558-65.792z\"><\/path><\/svg>\t\t\t<\/div>\n\t\t<\/div>\n\t\t\t\t\t\t<\/div>\n\t\t\t\t<\/div>\n\t\t\t\t<\/div>\n\t\t<div class=\"elementor-element elementor-element-50fc7ab e-con-full e-flex e-con e-child\" data-id=\"50fc7ab\" data-element_type=\"container\">\n\t\t\t\t<div class=\"elementor-element elementor-element-8852d77 elementor-widget elementor-widget-heading\" data-id=\"8852d77\" data-element_type=\"widget\" data-widget_type=\"heading.default\">\n\t\t\t\t<div class=\"elementor-widget-container\">\n\t\t\t\t\t<h2 class=\"elementor-heading-title elementor-size-default\">Aten\u00e7\u00e3o aos detalhes<\/h2>\t\t\t\t<\/div>\n\t\t\t\t<\/div>\n\t\t\t\t<div class=\"elementor-element elementor-element-284d1be elementor-widget elementor-widget-text-editor\" data-id=\"284d1be\" data-element_type=\"widget\" data-widget_type=\"text-editor.default\">\n\t\t\t\t<div class=\"elementor-widget-container\">\n\t\t\t\t\t\t\t\t\t<p>Avaliamos as principais causas das falhas em seus projetos para evit\u00e1-las.<\/p>\t\t\t\t\t\t\t\t<\/div>\n\t\t\t\t<\/div>\n\t\t\t\t<\/div>\n\t\t\t\t<\/div>\n\t\t<div class=\"elementor-element elementor-element-4c77650 e-con-full e-flex e-con e-child\" data-id=\"4c77650\" data-element_type=\"container\">\n\t\t<div class=\"elementor-element elementor-element-4b5db1c e-con-full e-flex e-con e-child\" data-id=\"4b5db1c\" data-element_type=\"container\">\n\t\t\t\t<div class=\"elementor-element elementor-element-82aea90 animated-fast elementor-invisible elementor-widget elementor-widget-html\" data-id=\"82aea90\" data-element_type=\"widget\" data-settings=\"{&quot;_animation&quot;:&quot;fadeInUp&quot;}\" data-widget_type=\"html.default\">\n\t\t\t\t<div class=\"elementor-widget-container\">\n\t\t\t\t\t<i style=\"font-size: 40px;\r\ncolor: #EC6D5F \" class=\"las la-hourglass-half\"><\/i>\r\n\r\n\t\t\t\t<\/div>\n\t\t\t\t<\/div>\n\t\t\t\t<\/div>\n\t\t<div class=\"elementor-element elementor-element-cc6b0a0 e-con-full e-flex e-con e-child\" data-id=\"cc6b0a0\" data-element_type=\"container\">\n\t\t\t\t<div class=\"elementor-element elementor-element-d2abb93 elementor-widget elementor-widget-heading\" data-id=\"d2abb93\" data-element_type=\"widget\" data-widget_type=\"heading.default\">\n\t\t\t\t<div class=\"elementor-widget-container\">\n\t\t\t\t\t<h2 class=\"elementor-heading-title elementor-size-default\">Equipe capacitada<\/h2>\t\t\t\t<\/div>\n\t\t\t\t<\/div>\n\t\t\t\t<div class=\"elementor-element elementor-element-e42ed9f elementor-widget elementor-widget-text-editor\" data-id=\"e42ed9f\" data-element_type=\"widget\" data-widget_type=\"text-editor.default\">\n\t\t\t\t<div class=\"elementor-widget-container\">\n\t\t\t\t\t\t\t\t\t<p>Gestores eficientes para gerar melhores indicadores de performance.<\/p>\t\t\t\t\t\t\t\t<\/div>\n\t\t\t\t<\/div>\n\t\t\t\t<\/div>\n\t\t\t\t<\/div>\n\t\t\t\t<\/div>\n\t\t\t\t<\/div>\n\t\t\t\t\t<\/div>\n\t\t\t\t<\/div>\n\t\t<div class=\"elementor-element elementor-element-c93b360 e-flex e-con-boxed e-con e-parent\" data-id=\"c93b360\" data-element_type=\"container\">\n\t\t\t\t\t<div class=\"e-con-inner\">\n\t\t<div class=\"elementor-element elementor-element-9e3d17c e-con-full e-flex e-con e-child\" data-id=\"9e3d17c\" data-element_type=\"container\">\n\t\t\t\t<div class=\"elementor-element elementor-element-e7cb35c elementor-widget elementor-widget-heading\" data-id=\"e7cb35c\" data-element_type=\"widget\" data-widget_type=\"heading.default\">\n\t\t\t\t<div class=\"elementor-widget-container\">\n\t\t\t\t\t<h2 class=\"elementor-heading-title elementor-size-default\">Nossos parceiros<\/h2>\t\t\t\t<\/div>\n\t\t\t\t<\/div>\n\t\t\t\t<\/div>\n\t\t<div class=\"elementor-element elementor-element-192437f e-con-full animated-fast e-grid elementor-invisible e-con e-child\" data-id=\"192437f\" data-element_type=\"container\" data-settings=\"{&quot;animation&quot;:&quot;fadeInLeft&quot;}\">\n\t\t<div class=\"elementor-element elementor-element-7be14ce e-con-full e-flex e-con e-child\" data-id=\"7be14ce\" data-element_type=\"container\">\n\t\t\t\t<div class=\"elementor-element elementor-element-4a4357e elementor-widget elementor-widget-image\" data-id=\"4a4357e\" data-element_type=\"widget\" data-widget_type=\"image.default\">\n\t\t\t\t<div class=\"elementor-widget-container\">\n\t\t\t\t\t\t\t\t\t\t\t\t\t\t\t<img loading=\"lazy\" decoding=\"async\" width=\"800\" height=\"450\" src=\"https:\/\/phdbrasil.com.br\/site\/wp-content\/uploads\/2025\/06\/Precisely_wordmark_rgb_purple.png\" class=\"attachment-large size-large wp-image-224\" alt=\"\" \/>\t\t\t\t\t\t\t\t\t\t\t\t\t\t\t<\/div>\n\t\t\t\t<\/div>\n\t\t\t\t<\/div>\n\t\t<div class=\"elementor-element elementor-element-e1196b6 e-con-full e-flex e-con e-child\" data-id=\"e1196b6\" data-element_type=\"container\">\n\t\t\t\t<div class=\"elementor-element elementor-element-830044f elementor-widget elementor-widget-image\" data-id=\"830044f\" data-element_type=\"widget\" data-widget_type=\"image.default\">\n\t\t\t\t<div class=\"elementor-widget-container\">\n\t\t\t\t\t\t\t\t\t\t\t\t\t\t\t<img loading=\"lazy\" decoding=\"async\" width=\"300\" height=\"150\" src=\"https:\/\/phdbrasil.com.br\/site\/wp-content\/uploads\/2025\/06\/maeklogic.jpg\" class=\"attachment-large size-large wp-image-228\" alt=\"\" \/>\t\t\t\t\t\t\t\t\t\t\t\t\t\t\t<\/div>\n\t\t\t\t<\/div>\n\t\t\t\t<\/div>\n\t\t<div class=\"elementor-element elementor-element-bca269a e-con-full e-flex e-con e-child\" data-id=\"bca269a\" data-element_type=\"container\">\n\t\t\t\t<div class=\"elementor-element elementor-element-624bea6 elementor-widget elementor-widget-image\" data-id=\"624bea6\" data-element_type=\"widget\" data-widget_type=\"image.default\">\n\t\t\t\t<div class=\"elementor-widget-container\">\n\t\t\t\t\t\t\t\t\t\t\t\t\t\t\t<img loading=\"lazy\" decoding=\"async\" width=\"300\" height=\"150\" src=\"https:\/\/phdbrasil.com.br\/site\/wp-content\/uploads\/2025\/06\/smartlogic.jpg\" class=\"attachment-large size-large wp-image-229\" alt=\"\" \/>\t\t\t\t\t\t\t\t\t\t\t\t\t\t\t<\/div>\n\t\t\t\t<\/div>\n\t\t\t\t<\/div>\n\t\t<div class=\"elementor-element elementor-element-8dee356 e-con-full e-flex e-con e-child\" data-id=\"8dee356\" data-element_type=\"container\">\n\t\t\t\t<div class=\"elementor-element elementor-element-83fe2ca elementor-widget elementor-widget-image\" data-id=\"83fe2ca\" data-element_type=\"widget\" data-widget_type=\"image.default\">\n\t\t\t\t<div class=\"elementor-widget-container\">\n\t\t\t\t\t\t\t\t\t\t\t\t\t\t\t<img loading=\"lazy\" decoding=\"async\" width=\"300\" height=\"150\" src=\"https:\/\/phdbrasil.com.br\/site\/wp-content\/uploads\/2025\/06\/splunk-logo.jpg\" class=\"attachment-large size-large wp-image-230\" alt=\"\" \/>\t\t\t\t\t\t\t\t\t\t\t\t\t\t\t<\/div>\n\t\t\t\t<\/div>\n\t\t\t\t<\/div>\n\t\t\t\t<\/div>\n\t\t\t\t\t<\/div>\n\t\t\t\t<\/div>\n\t\t<div class=\"elementor-element elementor-element-6e0ae89 e-flex e-con-boxed e-con e-parent\" data-id=\"6e0ae89\" data-element_type=\"container\" data-settings=\"{&quot;background_background&quot;:&quot;classic&quot;}\">\n\t\t\t\t\t<div class=\"e-con-inner\">\n\t\t<div class=\"elementor-element elementor-element-b6ad6bf e-con-full e-flex e-con e-child\" data-id=\"b6ad6bf\" data-element_type=\"container\" data-settings=\"{&quot;background_background&quot;:&quot;classic&quot;}\">\n\t\t\t\t<div class=\"elementor-element elementor-element-44ab178 elementor-widget elementor-widget-heading\" data-id=\"44ab178\" data-element_type=\"widget\" data-widget_type=\"heading.default\">\n\t\t\t\t<div class=\"elementor-widget-container\">\n\t\t\t\t\t<h2 class=\"elementor-heading-title elementor-size-default\">Conhe\u00e7a melhor nossas solu\u00e7\u00f5es de BI.<\/h2>\t\t\t\t<\/div>\n\t\t\t\t<\/div>\n\t\t\t\t<div class=\"elementor-element elementor-element-9255866 elementor-widget elementor-widget-button\" data-id=\"9255866\" data-element_type=\"widget\" data-widget_type=\"button.default\">\n\t\t\t\t<div class=\"elementor-widget-container\">\n\t\t\t\t\t\t\t\t\t<div class=\"elementor-button-wrapper\">\n\t\t\t\t\t<a class=\"elementor-button elementor-button-link elementor-size-sm\" href=\"https:\/\/phdbrasil.com.br\/site\/contato\/\">\n\t\t\t\t\t\t<span class=\"elementor-button-content-wrapper\">\n\t\t\t\t\t\t\t\t\t<span class=\"elementor-button-text\">Fale com nossos especialistas<\/span>\n\t\t\t\t\t<\/span>\n\t\t\t\t\t<\/a>\n\t\t\t\t<\/div>\n\t\t\t\t\t\t\t\t<\/div>\n\t\t\t\t<\/div>\n\t\t\t\t<\/div>\n\t\t\t\t\t<\/div>\n\t\t\t\t<\/div>\n\t\t\t\t<\/div>\n\t\t","protected":false},"excerpt":{"rendered":"<p>Conhe\u00e7a as principais solu\u00e7\u00f5es da PHD Brasil Legacy to Next-Gen Data Integration O Connect ETL &amp; Real-Time CDC acelera sua jornada de transforma\u00e7\u00e3o digital do mainframe \u00e0s \u00faltimas inova\u00e7\u00f5es em arquiteturas h\u00edbridas e multicloud. Mainframe Sort Performance Elimine o custo de CPU do Sort e antecipe o seu Batch com uma su\u00edte de Sort de [&hellip;]<\/p>\n","protected":false},"author":1,"featured_media":0,"parent":0,"menu_order":0,"comment_status":"closed","ping_status":"closed","template":"","meta":{"footnotes":""},"class_list":["post-10","page","type-page","status-publish","hentry"],"_links":{"self":[{"href":"https:\/\/phdbrasil.com.br\/site\/wp-json\/wp\/v2\/pages\/10","targetHints":{"allow":["GET"]}}],"collection":[{"href":"https:\/\/phdbrasil.com.br\/site\/wp-json\/wp\/v2\/pages"}],"about":[{"href":"https:\/\/phdbrasil.com.br\/site\/wp-json\/wp\/v2\/types\/page"}],"author":[{"embeddable":true,"href":"https:\/\/phdbrasil.com.br\/site\/wp-json\/wp\/v2\/users\/1"}],"replies":[{"embeddable":true,"href":"https:\/\/phdbrasil.com.br\/site\/wp-json\/wp\/v2\/comments?post=10"}],"version-history":[{"count":170,"href":"https:\/\/phdbrasil.com.br\/site\/wp-json\/wp\/v2\/pages\/10\/revisions"}],"predecessor-version":[{"id":992,"href":"https:\/\/phdbrasil.com.br\/site\/wp-json\/wp\/v2\/pages\/10\/revisions\/992"}],"wp:attachment":[{"href":"https:\/\/phdbrasil.com.br\/site\/wp-json\/wp\/v2\/media?parent=10"}],"curies":[{"name":"wp","href":"https:\/\/api.w.org\/{rel}","templated":true}]}}